{"id":1303,"date":"2023-09-11T10:54:58","date_gmt":"2023-09-11T08:54:58","guid":{"rendered":"https:\/\/dev.dignitas.bertastrasse1.ch\/taetigkeit\/aufklaerung-und-weiterbildung\/referate\/"},"modified":"2024-04-25T17:07:24","modified_gmt":"2024-04-25T15:07:24","slug":"speeches","status":"publish","type":"page","link":"https:\/\/dev.dignitas.bertastrasse1.ch\/en\/activities\/aufklaerung-und-weiterbildung\/speeches\/","title":{"rendered":"Speeches \/ Talks"},"content":{"rendered":"\n<p>6 April 2024<\/p>\n\n\n\n<p><a href=\"https:\/\/www.smsczuerich.ch\/\" target=\"_blank\" rel=\"noreferrer noopener\" class=\"ek-link\">Swiss Medical Students Convention 2024, Z\u00fcrich<\/a><br><em>killers in medicine \u2013 unravelling the mysteries of mortality<\/em><\/p>\n\n\n\n<hr class=\"wp-block-separator has-alpha-channel-opacity\"\/>\n\n\n\n<figure class=\"wp-block-table\"><table><tbody><tr><td><img loading=\"lazy\" decoding=\"async\" src=\"http:\/\/www.dignitas.ch\/images\/stories\/pdf\/dsc14696.jpg\" width=\"160\" height=\"120\"><\/td><\/tr><\/tbody><\/table><\/figure>\n\n\n\n<p>21 October 2023<\/p>\n\n\n\n<p><a href=\"http:\/\/www.dignitas.ch\/images\/stories\/pdf\/diginpublic\/referat-smsc-21102023.pdf\" target=\"_blank\" rel=\"noreferrer noopener\"><strong>End-of-life-choices to safeguard quality of life \u2013 Switzerland as an international role model<\/strong><\/a><\/p>\n\n\n\n<p>Swiss Medical Students Convention 2023, Geneva<br><em>Medicine in Movement<\/em><\/p>\n\n\n\n<p>Talk and Q &amp; A round (<a href=\"http:\/\/www.dignitas.ch\/images\/stories\/pdf\/diginpublic\/referat-smsc-21102023.pdf\" target=\"_blank\" rel=\"noreferrer noopener\">pdf<\/a>)<\/p>\n\n\n\n<hr class=\"wp-block-separator has-alpha-channel-opacity\"\/>\n\n\n\n<p>14 &#8211; 15 June 2023<\/p>\n\n\n\n<p><a href=\"https:\/\/libertadparamorir.com.mx\/pdf\/Seminario%20programa.pdf\" target=\"_blank\" rel=\"noreferrer noopener\"><strong>Seminario Libertad para Morir: por la legalizaci\u00f3n de la eutanasia, Mexico<\/strong><\/a><\/p>\n\n\n\n<p><a href=\"http:\/\/www.dignitas.ch\/images\/stories\/pdf\/diginpublic\/referat-libertadparamorir-15062023.pdf\" target=\"_blank\" rel=\"noreferrer noopener\">Talk and Q &amp; A round<\/a><\/p>\n\n\n\n<hr class=\"wp-block-separator has-alpha-channel-opacity\"\/>\n\n\n\n<p>5 June 2023<\/p>\n\n\n\n<p><a href=\"http:\/\/www.dignitas.ch\/images\/stories\/pdf\/diginpublic\/referat-ypoic-05062023.pdf\" target=\"_blank\" rel=\"noreferrer noopener\">Talk and Q &amp; A round<\/a>&nbsp;with&nbsp;<a href=\"https:\/\/www.ypo.org\/\" target=\"_blank\" rel=\"noreferrer noopener\">YPO IC Young Presidents&#8217; Organization Intercontinental<\/a>&nbsp;(<a href=\"http:\/\/www.dignitas.ch\/images\/stories\/pdf\/diginpublic\/referat-ypoic-05062023.pdf\" target=\"_blank\" rel=\"noreferrer noopener\">pdf<\/a>)<\/p>\n\n\n\n<hr class=\"wp-block-separator has-alpha-channel-opacity\"\/>\n\n\n\n<p>24 February 2023<\/p>\n\n\n\n<p><a href=\"http:\/\/www.dignitas.ch\/images\/stories\/pdf\/diginpublic\/referat-pcskc-london-24022023.pdf\" target=\"_blank\" rel=\"noreferrer noopener\">Talk and Q &amp; A round<\/a>&nbsp;with the&nbsp;<a href=\"https:\/\/www.kclsu.org\/groups\/activities\/join\/pallcaresoc\/\" target=\"_blank\" rel=\"noreferrer noopener\">Palliative Care Society at King&#8217;s College, Londo<\/a>n<\/p>\n\n\n\n<hr class=\"wp-block-separator has-alpha-channel-opacity\"\/>\n\n\n\n<p>20 February 2023<\/p>\n\n\n\n<p><a href=\"http:\/\/www.dignitas.ch\/images\/stories\/pdf\/diginpublic\/referat-sihcs-hongkong-20022023.pdf\" target=\"_blank\" rel=\"noreferrer noopener\">Discussion, talk and Q &amp; A round<\/a>&nbsp;with Shatin Integrated Home Care Service, Sheng Kung Hui Welfare Council, and Children &amp; Youth Services, Hong Kong<\/p>\n\n\n\n<hr class=\"wp-block-separator has-alpha-channel-opacity\"\/>\n\n\n\n<p>8 February 2023<\/p>\n\n\n\n<p><a href=\"http:\/\/www.dignitas.ch\/images\/stories\/pdf\/diginpublic\/referat-columbiauni-08022023.pdf\" target=\"_blank\" rel=\"noreferrer noopener\">Talk and Q &amp; A round<\/a>&nbsp;with the&nbsp;<a href=\"https:\/\/death.universityseminars.columbia.edu\/\" target=\"_blank\" rel=\"noreferrer noopener\">Columbia University Seminar on Death<\/a>, New York<\/p>\n\n\n\n<hr class=\"wp-block-separator has-alpha-channel-opacity\"\/>\n\n\n\n<p>31 August 2022<\/p>\n\n\n\n<p><a href=\"http:\/\/www.dignitas.ch\/images\/stories\/pdf\/diginpublic\/referat-dansketnomedicalsociety-31082022.pdf\" target=\"_blank\" rel=\"noreferrer noopener\"><strong>Kursus om d\u00f8den i kulturel sammenh\u00e6ng<\/strong><\/a><\/p>\n\n\n\n<p><a href=\"http:\/\/www.dignitas.ch\/images\/stories\/pdf\/diginpublic\/referat-dansketnomedicalsociety-31082022.pdf\" target=\"_blank\" rel=\"noreferrer noopener\">Talk and discussion round for Danish medical doctors for a course about death perception in cultural context, Dansk Etnomedical society<\/a><\/p>\n\n\n\n<hr class=\"wp-block-separator has-alpha-channel-opacity\"\/>\n\n\n\n<p>8 June 2022<\/p>\n\n\n\n<p><a href=\"http:\/\/www.dignitas.ch\/images\/stories\/pdf\/diginpublic\/referat-rotary-08062022.pdf\" target=\"_blank\" rel=\"noreferrer noopener\">Talk and Q &amp; A round at the Rotary Club Zurich International<\/a><\/p>\n\n\n\n<hr class=\"wp-block-separator has-alpha-channel-opacity\"\/>\n\n\n\n<p>15 May 2022<\/p>\n\n\n\n<p><strong>&#8220;Going to Switzerland&#8221;<\/strong><\/p>\n\n\n\n<p><a href=\"http:\/\/www.dignitas.ch\/images\/stories\/pdf\/diginpublic\/referat-hemlocksandiego-15052022.pdf\" target=\"_blank\" rel=\"noreferrer noopener\">Talk and Q &amp; A round with members of the Hemlock Society of San Diego, California<\/a><\/p>\n\n\n\n<hr class=\"wp-block-separator has-alpha-channel-opacity\"\/>\n\n\n\n<p>12 March 2022<\/p>\n\n\n\n<p><strong>EUMANS! 1st Open Congress of citizens for<br>sustainable peace, freedom, and democracy<\/strong><\/p>\n\n\n\n<p><a href=\"http:\/\/www.dignitas.ch\/images\/stories\/pdf\/diginpublic\/referat-eumans-12032022.pdf\" target=\"_blank\" rel=\"noreferrer noopener\">Reader to complement the talk of DIGNITAS&nbsp;(pdf<\/a>)<\/p>\n\n\n\n<p>Website of the EUMANS! Congress in Warsaw, Poland (<a href=\"https:\/\/eumans.eu\/eumansinwarsaw\" target=\"_blank\" rel=\"noreferrer noopener\">Link<\/a>)<\/p>\n\n\n\n<p>Video of the talk (<a href=\"https:\/\/www.youtube.com\/embed\/FJ8SVbQGJtw?start=2470&amp;autoplay=1&amp;width=700&amp;height=394&amp;iframe=true\" target=\"_blank\" rel=\"noreferrer noopener\">Link<\/a>)<\/p>\n\n\n\n<p>EUMANS! are citizens and activists from all around Europe engaged in a bottom-up political mobilization for socially and democratically sustainable EU policies. The idea to join efforts and act together is by Marco Cappato, a former MEP and nonviolent leader in Italy. (<a href=\"https:\/\/eumans.eu\/who-eumans-are\" target=\"_blank\" rel=\"noreferrer noopener\">Link<\/a>)<\/p>\n\n\n\n<hr class=\"wp-block-separator has-alpha-channel-opacity\"\/>\n\n\n\n<p>26 November 2021<\/p>\n\n\n\n<p><a href=\"http:\/\/www.dignitas.ch\/images\/stories\/pdf\/diginpublic\/referat-cssb-26112021.pdf\" target=\"_blank\" rel=\"noreferrer noopener\"><strong>Care, Choice and Planning ahead for quality of life until the end \u2013 including the Swiss \u2018model\u2019 of physician-supported accompanied suicides and the DIGNITAS&nbsp;approach<\/strong><\/a><\/p>\n\n\n\n<p>1st Croatian student symposium of bioethics, School of Medicine, University of Zagreb.<\/p>\n\n\n\n<p><a href=\"http:\/\/www.dignitas.ch\/images\/stories\/pdf\/diginpublic\/referat-cssb-26112021.pdf\" target=\"_blank\" rel=\"noreferrer noopener\">Reader to complement the talk and Q &amp; A round (PDF<\/a>)<\/p>\n\n\n\n<hr class=\"wp-block-separator has-alpha-channel-opacity\"\/>\n\n\n\n<p>4 November 2021<\/p>\n\n\n\n<p>End of life choices and planning ahead for quality of life until the end<br>The DIGNITAS&nbsp;approach &amp; Swiss system<\/p>\n\n\n\n<p>Talk and discussion with members of Rotaract Z\u00fcrich International<\/p>\n\n\n\n<hr class=\"wp-block-separator has-alpha-channel-opacity\"\/>\n\n\n\n<p>8 July 2021<\/p>\n\n\n\n<p><a href=\"http:\/\/www.dignitas.ch\/images\/stories\/pdf\/diginpublic\/referat-tedxzurich-08072021.pdf\" target=\"_blank\" rel=\"noreferrer noopener\"><strong>Cracking the taboo on suicide is the best means to prevent suicide attempts and deaths by suicide<\/strong><\/a><\/p>\n\n\n\n<p><a href=\"https:\/\/www.ted.com\/tedx\/events\/47419\" target=\"_blank\" rel=\"noreferrer noopener\">TEDxZurich Salon &#8220;Talking Taboos&#8221;<\/a><\/p>\n\n\n\n<figure class=\"wp-block-table\"><table><tbody><tr><td><img loading=\"lazy\" decoding=\"async\" src=\"http:\/\/www.dignitas.ch\/images\/stories\/pdf\/dsc13179.jpg\" width=\"137\" height=\"103\"><\/td><\/tr><\/tbody><\/table><\/figure>\n\n\n\n<p>In the 21st century, we have something better to offer than leaving our fellow human beings to jump in front of a train or shoot or poison themselves. Really caring forpeople means taking their wishes seriously, meeting them at eye level. People contemplating suicide deserve respect, care, compassion, taboo-free communication, and safe, legal end-of-life options. Not belittling them as vulnerable. Not labelling them as mentally ill and potentially incompetent. Not upholding the taboo on suicide and the end of life.<\/p>\n\n\n\n<hr class=\"wp-block-separator has-alpha-channel-opacity\"\/>\n\n\n\n<p>3 March 2021<\/p>\n\n\n\n<p>Sanctity of Life and Death with Dignity<\/p>\n\n\n\n<p>Talk and Q &amp; A round with participants of The Harvard College in Asia Program (HCAP), from the Universities of Tokyo, Leiden and Geneva&nbsp;<a href=\"https:\/\/thehub.college.harvard.edu\/organization\/harvard-college-in-asia-program\" target=\"_blank\" rel=\"noreferrer noopener\">(Link to HCAP<\/a>)<\/p>\n\n\n\n<hr class=\"wp-block-separator has-alpha-channel-opacity\"\/>\n\n\n\n<p>25 February 2020<\/p>\n\n\n\n<p><a href=\"http:\/\/www.dignitas.ch\/images\/stories\/pdf\/diginpublic\/referat-indianauniversity-25022020.pdf\" target=\"_blank\" rel=\"noreferrer noopener\"><strong>Care and choice in life and at life\u2019s end: The DIGNITAS\u2019 approach &amp; Swiss system<\/strong><\/a><\/p>\n\n\n\n<p>Talk and discussion with executive students of the Kelley School of Business, Indiana University, USA; coursework Business of Medicine Physician MBA, Global Healthcare Experience in Switzerland &amp; The Netherlands. (<a href=\"http:\/\/www.dignitas.ch\/images\/stories\/pdf\/diginpublic\/referat-indianauniversity-25022020.pdf\" target=\"_blank\" rel=\"noreferrer noopener\">PDF<\/a>)<\/p>\n\n\n\n<hr class=\"wp-block-separator has-alpha-channel-opacity\"\/>\n\n\n\n<p>11 September 2019<\/p>\n\n\n\n<p><a href=\"http:\/\/www.dignitas.ch\/images\/stories\/pdf\/diginpublic\/referat-jersey-11092019.pdf\" target=\"_blank\" rel=\"noreferrer noopener\"><strong>Motion \u201cthat Jersey should enact assisted dying legislation\u201d<\/strong>&nbsp;(PDF)<\/a><\/p>\n\n\n\n<p>Assisted Dying Debate at the Jersey Arts Centre (<a href=\"https:\/\/artscentre.je\/event\/assisted-dying-debate\/\" target=\"_blank\" rel=\"noreferrer noopener\">Link<\/a>)<\/p>\n\n\n\n<hr class=\"wp-block-separator has-alpha-channel-opacity\"\/>\n\n\n\n<p>30 March 2019<\/p>\n\n\n\n<p>The Swiss system of assisted dying \u2013 and beyond<\/p>\n\n\n\n<p>Talk and discussion at the annual meeting of RTVD R\u00e4tten Till en V\u00e4rdig D\u00f6d (<a href=\"http:\/\/www.rtvd.nu\/\" target=\"_blank\" rel=\"noreferrer noopener\">Link<\/a>), the Swedish right-to-die organisation, Stockholm<\/p>\n\n\n\n<hr class=\"wp-block-separator has-alpha-channel-opacity\"\/>\n\n\n\n<p>23 November 2018<\/p>\n\n\n\n<p>Time is running \u2013 do we need to catch up?&nbsp;<br>Care and choice in life and at life\u2019s end<\/p>\n\n\n\n<p>Speech and discussion at the docnet Symposium, Doctoral Network at the University of St. Gallen.<\/p>\n\n\n\n<hr class=\"wp-block-separator has-alpha-channel-opacity\"\/>\n\n\n\n<p>4 October 2018<\/p>\n\n\n\n<p>Talk and discussion together with Dr Luthman and Dr Jersild by invitation of Prof Ludvigsson, Professor at the Karolinska Institutet and pediatrician, at \u00d6rebro University Hospital, Sweden<\/p>\n\n\n\n<hr class=\"wp-block-separator has-alpha-channel-opacity\"\/>\n\n\n\n<p>11 September 2017<\/p>\n\n\n\n<p>Kursus om d\u00f8den i kulturel sammenh\u00e6ng<\/p>\n\n\n\n<p>Talk and discussion round for Danish family physicians for a course about death perception in cultural context, Danish Etnomedical Society<\/p>\n\n\n\n<hr class=\"wp-block-separator has-alpha-channel-opacity\"\/>\n\n\n\n<p>9 January 2017<\/p>\n\n\n\n<p>DIGNITAS\u2019 advisory work \u2013 Plan ahead and prepare \u2013 The Swiss model of assisted dying<\/p>\n\n\n\n<p><a href=\"http:\/\/www.dignitas.ch\/images\/stories\/pdf\/diginpublic\/referat-stmoritz-09012017.pdf\" target=\"_blank\" rel=\"noreferrer noopener\">Speech and discussion for Australian physicians and lawyers in St. Moritz<\/a><\/p>\n\n\n\n<hr class=\"wp-block-separator has-alpha-channel-opacity\"\/>\n\n\n\n<p>14 November 2016<\/p>\n\n\n\n<p><strong>DIGNITAS\u2019 advisory work and more to safeguard quality of life<\/strong><\/p>\n\n\n\n<p><a href=\"http:\/\/www.dignitas.ch\/images\/stories\/pdf\/diginpublic\/referat-step-14112016.pdf\" target=\"_blank\" rel=\"noreferrer noopener\">Reader\/brochure to complement the speech (<strong>PDF<\/strong><\/a>)<\/p>\n\n\n\n<p><a href=\"http:\/\/www.step.org\/\" target=\"_blank\" rel=\"noreferrer noopener\">STEP \u2013 The Society of Trust and Estate Practitioners (<strong>Link<\/strong><\/a>)<\/p>\n\n\n\n<p><a href=\"http:\/\/www.cvent.com\/events\/special-interest-spotlight-sessions-2016\/custom-35-d09e0994b4a64263b045c8ba10d6207a.aspx\" target=\"_blank\" rel=\"noreferrer noopener\">2016 Special Interest Spotlight Session. End of Life Issues: Law and Practice (<strong>Link<\/strong><\/a>)<\/p>\n\n\n\n<hr class=\"wp-block-separator has-alpha-channel-opacity\"\/>\n\n\n\n<p>28 April 2016<\/p>\n\n\n\n<p><strong>VI. Konference Neuropsychiatrick\u00e9ho F\u00f3ra, Praha, Czechia<\/strong><\/p>\n\n\n\n<p>Booklet to complement the speech of DIGNITAS&nbsp;(<a href=\"http:\/\/www.dignitas.ch\/images\/stories\/pdf\/diginpublic\/referat-neuropsychiatricke-forum-praha-28042016.pdf\" target=\"_blank\" rel=\"noreferrer noopener\"><strong>PDF<\/strong><\/a>)<\/p>\n\n\n\n<p>Website of the Neuropsychiatrick\u00e9 F\u00f3rum (<a href=\"http:\/\/npforum.eu\/neuropsychiatricke-forum\" target=\"_blank\" rel=\"noreferrer noopener\"><strong>Link<\/strong><\/a>)<\/p>\n\n\n\n<p>Interview by Vojt\u011bch Berger Czech Radio \u010cesk\u00fd rozhlas, Radio\u017eurn\u00e1l (<a href=\"http:\/\/www.rozhlas.cz\/radiozurnal\/dvacetminut\/_zprava\/1614217\" target=\"_blank\" rel=\"noreferrer noopener\"><strong>Link<\/strong><\/a>)<\/p>\n\n\n\n<hr class=\"wp-block-separator has-alpha-channel-opacity\"\/>\n\n\n\n<p>26 January 2016<\/p>\n\n\n\n<p><strong>Bristol Museum &amp; Art Gallery<\/strong><br><a href=\"https:\/\/www.bristolmuseums.org.uk\/bristol-museum-and-art-gallery\/whats-on\/assisted-dying-panel-debate\/\" target=\"_blank\" rel=\"noreferrer noopener\">Assisted Dying Panel debate to coincide with the opening of the exhibition death: is it your right to choose? (<strong>Link<\/strong><\/a>)<\/p>\n\n\n\n<p><a href=\"http:\/\/www.dignitas.ch\/images\/stories\/pdf\/diginpublic\/referat-bristol-museum-26012016.pdf\" target=\"_blank\" rel=\"noreferrer noopener\"><strong>Speech and slides of DIGNITAS<\/strong>&nbsp;(PDF<\/a>)<\/p>\n\n\n\n<hr class=\"wp-block-separator has-alpha-channel-opacity\"\/>\n\n\n\n<p>21 July 2014<\/p>\n\n\n\n<p>How DIGNITAS safeguards the quality of life through comprehensive and open-outcome counselling<\/p>\n\n\n\n<p>Speech and discussion at the ETH Sustainability Summer School 2014 on Future Health: Technology and innovation<\/p>\n\n\n\n<hr class=\"wp-block-separator has-alpha-channel-opacity\"\/>\n\n\n\n<p>14 November 2013<\/p>\n\n\n\n<p>In Scotland, parliament member Margo MacDonald presented a revised proposal for an \u201eAssisted Suicide (Scotland) Bil&#8221;, to make it lawful, in certain circumstances, to assist another to commit suicide; and for connected purposes.<\/p>\n\n\n\n<p><a href=\"http:\/\/www.scottish.parliament.uk\/parliamentarybusiness\/Bills\/69604.aspx\" target=\"_blank\" rel=\"noreferrer noopener\"><strong>Details of the Bill<\/strong>&nbsp;(Link to the website of the Scottish Parliament)<\/a><\/p>\n\n\n\n<p><a href=\"http:\/\/www.dignitas.ch\/images\/stories\/pdf\/diginpublic\/referat-asbill-edinburgh-14112013.pdf\" target=\"_blank\" rel=\"noreferrer noopener\"><strong>Speech of DIGNITAS, at the press launch in Edinburgh<\/strong>:&nbsp;(PDF)<\/a><\/p>\n\n\n\n<hr class=\"wp-block-separator has-alpha-channel-opacity\"\/>\n\n\n\n<p>2 November 2012<\/p>\n\n\n\n<p><strong>World Dignity in Dying Day 2012<\/strong><\/p>\n\n\n\n<p>Speech of Ludwig A. Minelli at the Conference on Assisted Dying at the Royal Society of Edinburgh(<a href=\"http:\/\/www.dignitas.ch\/images\/stories\/pdf\/diginpublic\/referat-conference-assisted-dying-edinburgh-02112012.pdf\" target=\"_blank\" rel=\"noreferrer noopener\"><strong>PDF<\/strong><\/a>)<\/p>\n\n\n\n<hr class=\"wp-block-separator has-alpha-channel-opacity\"\/>\n\n\n\n<p>1 November 2012<\/p>\n\n\n\n<p><a href=\"http:\/\/www.dignitas.ch\/images\/stories\/pdf\/diginpublic\/referat-nvve-levenseindekliniek-01112012.pdf\" target=\"_blank\" rel=\"noreferrer noopener\"><strong>Work methods and experiences of self-determined end of life in Switzerland<\/strong><\/a><\/p>\n\n\n\n<p>Speech of Sandra Martino at a NVVE (Nederlandse Vereniging Voor Een Vrijwillig Levenseinde) Congress (<a href=\"http:\/\/www.dignitas.ch\/images\/stories\/pdf\/diginpublic\/referat-nvve-levenseindekliniek-01112012.pdf\" target=\"_blank\" rel=\"noreferrer noopener\">PDF<\/a>)<\/p>\n\n\n\n<hr class=\"wp-block-separator has-alpha-channel-opacity\"\/>\n\n\n\n<p>26 October 2012<\/p>\n\n\n\n<p><a href=\"http:\/\/www.dignitas.ch\/images\/stories\/pdf\/diginpublic\/referat-third-soars-lecture-london-26102012.pdf\" target=\"_blank\" rel=\"noreferrer noopener\"><strong>DIGNITAS and the right to live and die in dignity &#8211; Fourteen years of efforts in suicide attempt prevention, pro life, pro choice and pro assisted dying<\/strong><\/a><\/p>\n\n\n\n<p>Speech at a SOARS (Society for Old Age Rational Suicide) and Friends At The End (FATE) meeting and the Third Annual SOARS Lecture (<a href=\"http:\/\/www.dignitas.ch\/images\/stories\/pdf\/diginpublic\/referat-third-soars-lecture-london-26102012.pdf\" target=\"_blank\" rel=\"noreferrer noopener\">PDF<\/a>)<\/p>\n\n\n\n<hr class=\"wp-block-separator has-alpha-channel-opacity\"\/>\n\n\n\n<p>15 June 2012<\/p>\n\n\n\n<p><a href=\"http:\/\/www.dignitas.ch\/images\/stories\/pdf\/diginpublic\/referat-wf-kongress-suizidversuche-e-15062012.pdf\" target=\"_blank\" rel=\"noreferrer noopener\"><strong>Suicide-Prevention must be complemented by Suicide-Attempt-Prevention<\/strong><\/a><\/p>\n\n\n\n<p>Speech of Ludwig A. Minelli on this issue at the congress of the World Federation of Right-to-Die Societies in Z\u00fcrich (<a href=\"http:\/\/www.dignitas.ch\/images\/stories\/pdf\/diginpublic\/referat-wf-kongress-suizidversuche-e-15062012.pdf\" target=\"_blank\" rel=\"noreferrer noopener\">PDF<\/a>)<\/p>\n\n\n\n<hr class=\"wp-block-separator has-alpha-channel-opacity\"\/>\n\n\n\n<p>1 December 2007<\/p>\n\n\n\n<p><a href=\"http:\/\/www.dignitas.ch\/images\/stories\/pdf\/diginpublic\/referat-dignitas-in-switzerland-fate-01122007.pdf\" target=\"_blank\" rel=\"noreferrer noopener\"><strong>DIGNITAS in Switzerland \u2013 its philosophy, the legal situation, actual problems, and possibilities for Britons who wish to end their lives<\/strong><\/a><\/p>\n\n\n\n<p>Speech of&nbsp;Ludwig A. Minelli on this issue at a meeting of&nbsp;&#8216;FATE &#8211; Friends At The End&#8217; in London. (PDF)<\/p>\n\n\n\n<hr class=\"wp-block-separator has-alpha-channel-opacity\"\/>\n\n\n\n<p>5 July 2007<\/p>\n\n\n\n<p><a href=\"http:\/\/www.dignitas.ch\/images\/stories\/pdf\/diginpublic\/referat-alde-hearing-05072007.pdf\" target=\"_blank\" rel=\"noreferrer noopener\"><strong>The decision of the Swiss Federal Court of November 3, 2006, the negative reactions of the world of medicine, and its consequences<\/strong><\/a><\/p>\n\n\n\n<p>Ludwig A. Minelli at the congress of the &#8216;Liberal and Radical Fraction&#8217; of the European Parliament in Bruxelles. (<a href=\"http:\/\/www.dignitas.ch\/images\/stories\/pdf\/diginpublic\/referat-dignitas-in-switzerland-fate-01122007.pdf\" target=\"_blank\" rel=\"noreferrer noopener\">PDF<\/a>)<\/p>\n\n\n\n<hr class=\"wp-block-separator has-alpha-channel-opacity\"\/>\n\n\n\n<p>20 September 2006<\/p>\n\n\n\n<p><a href=\"http:\/\/www.dignitas.ch\/images\/stories\/pdf\/diginpublic\/referat-some-information-about-dignitas-liberalparty-20092006.pdf\" target=\"_blank\" rel=\"noreferrer noopener\"><strong>Some information about DIGNITAS<\/strong><\/a><\/p>\n\n\n\n<p>Speech of&nbsp;Ludwig A. Minelli at the&nbsp;&#8216;Liberal Party Convention&#8217; in Brighton (<a href=\"http:\/\/www.dignitas.ch\/images\/stories\/pdf\/diginpublic\/referat-some-information-about-dignitas-liberalparty-20092006.pdf\" target=\"_blank\" rel=\"noreferrer noopener\">PDF<\/a>)<\/p>\n\n\n\n<hr class=\"wp-block-separator has-alpha-channel-opacity\"\/>\n\n\n\n<p>6 November 2005<\/p>\n\n\n\n<p>Video-Conference Z\u00fcrich &#8211; Brisbane<\/p>\n\n\n\n<p><strong>Third biannual meeting of&nbsp;&#8216;exit International&#8217; (Australia) in Brisbane<br>Speech of&nbsp;Ludwig A. Minelli<\/strong><\/p>\n\n\n\n<p>Audio-File MP3&nbsp;&nbsp; Length: 30 minutes<\/p>\n\n\n\n<p><object type=\"application\/x-shockwave-flash\" data=\"http:\/\/www.dignitas.ch\/plugins\/content\/jw_allvideos\/includes\/players\/mediaplayer\/player.swf\"><\/object><\/p>\n\n\n\n<hr class=\"wp-block-separator has-alpha-channel-opacity\"\/>\n\n\n\n<p>20 October 2004<\/p>\n\n\n\n<p><a href=\"http:\/\/www.dignitas.ch\/images\/stories\/pdf\/diginpublic\/referat-that-this-motion-would-legalise-dublin-20102004.pdf\" target=\"_blank\" rel=\"noreferrer noopener\"><strong>That this Motion would legalise Euthanasia<\/strong><\/a><\/p>\n\n\n\n<p>Ludwig A. Minelli to the &#8216;Literary &amp; Historical Society&#8217; in Dublin (<a href=\"http:\/\/www.dignitas.ch\/images\/stories\/pdf\/diginpublic\/referat-that-this-motion-would-legalise-dublin-20102004.pdf\" target=\"_blank\" rel=\"noreferrer noopener\">PDF<\/a>)<\/p>\n","protected":false},"excerpt":{"rendered":"<p>6 April 2024 Swiss Medical Students Convention 2024, Z\u00fcrichkillers in medicine \u2013 unravelling the mysteries of mortality 21 October 2023 End-of-life-choices to safeguard quality of life \u2013 Switzerland as an international role model Swiss Medical Students Convention 2023, GenevaMedicine in Movement Talk and Q &amp; A round (pdf) 14 &#8211; 15 June 2023 Seminario Libertad [&hellip;]<\/p>\n","protected":false},"author":1,"featured_media":0,"parent":320,"menu_order":0,"comment_status":"closed","ping_status":"closed","template":"","meta":{"_acf_changed":false,"_editorskit_title_hidden":false,"_editorskit_reading_time":0,"_editorskit_is_block_options_detached":false,"_editorskit_block_options_position":"{}","footnotes":""},"class_list":["post-1303","page","type-page","status-publish","hentry"],"acf":[],"_links":{"self":[{"href":"https:\/\/dev.dignitas.bertastrasse1.ch\/en\/wp-json\/wp\/v2\/pages\/1303","targetHints":{"allow":["GET"]}}],"collection":[{"href":"https:\/\/dev.dignitas.bertastrasse1.ch\/en\/wp-json\/wp\/v2\/pages"}],"about":[{"href":"https:\/\/dev.dignitas.bertastrasse1.ch\/en\/wp-json\/wp\/v2\/types\/page"}],"author":[{"embeddable":true,"href":"https:\/\/dev.dignitas.bertastrasse1.ch\/en\/wp-json\/wp\/v2\/users\/1"}],"replies":[{"embeddable":true,"href":"https:\/\/dev.dignitas.bertastrasse1.ch\/en\/wp-json\/wp\/v2\/comments?post=1303"}],"version-history":[{"count":4,"href":"https:\/\/dev.dignitas.bertastrasse1.ch\/en\/wp-json\/wp\/v2\/pages\/1303\/revisions"}],"predecessor-version":[{"id":4397,"href":"https:\/\/dev.dignitas.bertastrasse1.ch\/en\/wp-json\/wp\/v2\/pages\/1303\/revisions\/4397"}],"up":[{"embeddable":true,"href":"https:\/\/dev.dignitas.bertastrasse1.ch\/en\/wp-json\/wp\/v2\/pages\/320"}],"wp:attachment":[{"href":"https:\/\/dev.dignitas.bertastrasse1.ch\/en\/wp-json\/wp\/v2\/media?parent=1303"}],"curies":[{"name":"wp","href":"https:\/\/api.w.org\/{rel}","templated":true}]}}