{"id":1487,"date":"2023-09-11T11:18:49","date_gmt":"2023-09-11T09:18:49","guid":{"rendered":"https:\/\/dev.dignitas.bertastrasse1.ch\/literatur\/"},"modified":"2023-10-31T16:52:38","modified_gmt":"2023-10-31T15:52:38","slug":"literatur","status":"publish","type":"page","link":"https:\/\/dev.dignitas.bertastrasse1.ch\/en\/knowledge\/literatur\/","title":{"rendered":"Literature"},"content":{"rendered":"\n<h2 class=\"wp-block-heading\">Literature<\/h2>\n\n\n\n<p><strong>Words in Pain<br><\/strong>Letters on Life and Death<br>by Olga Jacoby<br>edited by Jocelyn Catty and Trevor Moore<br>ISBN-13: \u200e 978-1-911072-35-5<br>Skyscraper Publicatiosn Limited, 2019<\/p>\n\n\n\n<p>First published posthumously in 1919, Words in Pain represents the collected letters of writer, thinker and rationalist Olga Jacoby when living \u201cunder sentence of death\u201d from a terminal heart condition. This book is a picture of family life and love, interspersed with clear headed musings on the nature of illness, loss and death. (<a href=\"https:\/\/www.themarginalian.org\/2019\/09\/18\/words-in-pain-olga-jacoby-letters\/\" target=\"_blank\" rel=\"noreferrer noopener\">Link<\/a>)<\/p>\n\n\n\n<hr class=\"wp-block-separator has-alpha-channel-opacity\"\/>\n\n\n\n<p><strong>The Switzerland Schedule<\/strong><br>An essay on a family\u2019s experience by Thalia Williamson <a rel=\"noreferrer noopener\" href=\"https:\/\/audacity.substack.com\/p\/the-switzerland-schedule\" target=\"_blank\">(Link<\/a>)<\/p>\n\n\n\n<hr class=\"wp-block-separator has-alpha-channel-opacity\"\/>\n\n\n\n<p><strong>In Love<\/strong><br>A memoir of Love and Loss<br>by Amy Bloom (<a rel=\"noreferrer noopener\" href=\"http:\/\/www.amybloom.com\" target=\"_blank\">Link<\/a>)<br>Penguin Random House, New York<br>ISBN 978 1 78378 799 9<br>first published in 2022<\/p>\n\n\n\n<p>This book is Amy Bloom\u2019s account of losing her husband Brian twice, first slowly to Alzheimer\u2019s dementia, and then when she becomes a widow: Brian choose to take control of his death by travelling to \u2018DIGNITAS \u2013 To live with dignity \u2013 To die with dignity\u2019 in 2020, accompanied by Amy.<\/p>\n\n\n\n<hr class=\"wp-block-separator has-alpha-channel-opacity\"\/>\n\n\n\n<p><strong>Alzheimer\u2019s Disease: What it\u2019s like to see it coming<\/strong> and <strong>Choosing death with dignity in the face of Alzheimer\u2019s Disease<\/strong> <br>A family\u2019s experience, in <a href=\"https:\/\/dev.dignitas.bertastrasse1.ch\/wp-content\/uploads\/2023\/10\/blog-alzheimer-debrabunce.pdf\" data-type=\"attachment\" data-id=\"2013\" target=\"_blank\" rel=\"noreferrer noopener\">two blog articles<\/a> by Debra Bunce (pdf)<\/p>\n\n\n\n<hr class=\"wp-block-separator has-alpha-channel-opacity\"\/>\n\n\n\n<p><strong>Voluntarily Stopping Eating and Drinking<br>A Compassionate, Widely-Available Option for Hastening Death<\/strong><\/p>\n\n\n\n<p>edited by Timothy E. Quill, Paul T. Menzel, <a href=\"https:\/\/www.thaddeuspope.com\/home.html\" target=\"_blank\" rel=\"noreferrer noopener\">Thaddeus Pope<\/a>, and Judith K. Schwarz<br>Oxford University Press<br>ISBN 978-0-19-008073-0<br>first published August 2021<\/p>\n\n\n\n<p>Persons living with incurable and progressive or terminal illness often wonder what may lie ahead as their disease progresses. Some of these individuals and their families will seek information about options and choices that permit a hastened death if their suffering or deterioration becomes intolerable. Voluntary stopping eating and drinking (VSED) is a widely available option that permits decisionally capable persons to hasten death. This book provides clinically realistic descriptions of the practice and, in separate chapters, explores benefits and challenges along clinical, ethical, legal, and institutional dimensions. (<a href=\"https:\/\/global.oup.com\/academic\/product\/voluntarily-stopping-eating-and-drinking-9780190080730?cc=us&amp;lang=en&amp;promocode=&amp;utm_content=Voluntarily%20Stopping%20Eating%20and%20Drinking%20-%20Image&amp;utm_source=adestra&amp;utm_medium=email&amp;utm_term=Content%20%20Direct&amp;utm_campaign=oupac-campaign:1387193340567284366\" target=\"_blank\" rel=\"noreferrer noopener\">Link<\/a>)<\/p>\n\n\n\n<hr class=\"wp-block-separator has-alpha-channel-opacity\"\/>\n\n\n\n<p><strong>A Beautiful Sunset<\/strong><br>A novel about the final curtain call of life<br>by Uniting Church elder Everald Compton.<\/p>\n\n\n\n<p>The novel considers the lives and deaths of four individuals from widely varied backgrounds who all share the same doctor. The way Everald interweaves the story of these individuals adds a deeply personal feeling to the Voluntary Assisted Dying issue. The book can be purchased direct from Everald Compton with this <a href=\"https:\/\/a-beautiful-sunset.com\/how-to-order\" target=\"_blank\" rel=\"noreferrer noopener\">weblink<\/a><\/p>\n\n\n\n<hr class=\"wp-block-separator has-alpha-channel-opacity\"\/>\n\n\n\n<p><strong>Medical Aid in Dying: Key Variations Among U.S. State Laws<\/strong><br>Medical aid in dying (MAID) is legal in eleven US jurisdictions representing one-fourth of the US population, but despite its legality, MAID is practically available to only a subset of qualified patients in these states. MAID\u2019s eligibility requirements and procedural safeguards may impede a patient\u2019s access. (<a href=\"https:\/\/www.americanhealthlaw.org\/content-library\/journal-health-law\/article\/fcec37a6-9619-4371-9c16-8320b46ab8da\/Medical-Aid-in-Dying-Key-Variations-Among-U-S-Stat\" target=\"_blank\" rel=\"noreferrer noopener\">Link to the abstract<\/a>)<br>Author: Thaddeus Mason Pope, Health Law Institute at Mitchell Hamline School of Law, Saint Paul, MI<br>publ. 2020 in: State Laws, J. Health and Life Sci. L., American Health Law Assoc.<\/p>\n\n\n\n<hr class=\"wp-block-separator has-alpha-channel-opacity\"\/>\n\n\n\n<p><strong>O, Let me Not Get Alzheimer\u2019s Sweet Heaven!<\/strong><br>Why many people prefer death or active deliverance to living with dementia<\/p>\n\n\n\n<p>by Colin Brewer<br>Foreword by Henry Marsh<br>published by Skyscraper Publications, Bloxham, UK<br>ISBN-13: 978-1-911072-42-3<br>first published 2019<\/p>\n\n\n\n<p>\u201cLife is not always wonderful and not all things in it are bright and beautiful.\u201d Alzheimer\u2019s is one of those dark, ugly things and most people hope for a quick death if they get it. Modern medicine prolongs the agony for everyone but as Dr Colin Brewer\u2019s book shows, there are choices, from refusing tube-feeding and resuscitation to \u2018deliverance\u2019, a planned, peaceful farewell at home amid friendly faces. It\u2019s an option many doctors choose. Their patients should have the same privilege and comfort.<\/p>\n\n\n\n<hr class=\"wp-block-separator has-alpha-channel-opacity\"\/>\n\n\n\n<p><strong>Preparing To Leave<\/strong><br>Author: Michael Irwin<br><a href=\"https:\/\/dev.dignitas.bertastrasse1.ch\/wp-content\/uploads\/2023\/10\/preparing-to-leave-by-michael-irwin.pdf\" data-type=\"attachment\" data-id=\"2020\" target=\"_blank\" rel=\"noreferrer noopener\">First published June 2018 (PDF)<\/a><\/p>\n\n\n\n<p>In this booklet, Michael Irwin describes his personal views on &#8220;Life&#8221;, refers to his right-to-die activities since he became the chairman of the Voluntary Euthanasia Society, in the UK (in 1996), and considers the best ways he would like his own life to end.<\/p>\n\n\n\n<hr class=\"wp-block-separator has-alpha-channel-opacity\"\/>\n\n\n\n<p><strong>My life as an animal<br>A Memoir \u2013 Adventures, Music, Animal Rights<\/strong><br>by Andrew Tyler<br>including: Postscript \u2013 Dying with Dignity, by Sara Starkey<br>Loop Books, Tonbridge, Kent TN9 1AW, England<br>first published 2017<br>ISBN: 978-1-905327-40-9<br><a rel=\"noreferrer noopener\" href=\"http:\/\/www.animalaidshop.org.uk\/books-dvds\/animal-rights-books\/my-life-as-animal-by-andrew-tyler\" target=\"_blank\">Animal Aid Shop<\/a><br>2017 Lush Prize Andrew Tyler Award: <a rel=\"noreferrer noopener\" href=\"https:\/\/player.vimeo.com\/video\/243998818\" target=\"_blank\">Video on vimeo<\/a><\/p>\n\n\n\n<p>Excerpt: If all went to plan on April 28, 2017, I ended my life in a small village in the canton of Zurich, accompanied by officials from Dignitas. [\u2026] \u2018The alternative, because of my condition, was to eke out more years without purpose\u2019, I wrote in my letter, \u2018without the work that means so very much to me, shrinking into pain, infirmity and indignity. I do not want that! I want to be free of that dread prospect&#8230;\u2019[\u2026] Despite the negatives, those last months were very satisfying &#8211; working on my book, taking stock of things, being content that I had a (hopefully) dignified way out. My October 2015 letter showed how clear my thinking was. In it I say that the prospect of a Dignitas-assisted death \u2018&#8230;gives me great heart and a feeling of positivity. I have had a rich, varied and wonderfully fulfilling life&#8230; To be able to make choices about how it ends and exert a real measure of control would be wonderful.\u2019<\/p>\n\n\n\n<hr class=\"wp-block-separator has-alpha-channel-opacity\"\/>\n\n\n\n<p><strong>Can&#8217;t We Talk about Something More Pleasant?<br>A Memoir<\/strong><br>by Roz Chast<br>ISBN: 978-1632861016<br>published by Bloomsbury, USA<br>first Edition June 2014, reprint September 2016<br><a rel=\"noreferrer noopener\" href=\"https:\/\/www.bloomsbury.com\/us\/cant-we-talk-about-something-more-pleasant-9781632861016\/\" target=\"_blank\">Book at Bloomsbury<\/a><\/p>\n\n\n\n<hr class=\"wp-block-separator has-alpha-channel-opacity\"\/>\n\n\n\n<p><strong>Wisdom from a Chair: Thirty Years of Quadriplegia<br>The Memoirs of Andrew I. Batavia<\/strong><\/p>\n\n\n\n<div class=\"wp-block-columns is-layout-flex wp-container-core-columns-is-layout-1 wp-block-columns-is-layout-flex\">\n<div class=\"wp-block-column is-layout-flow wp-block-column-is-layout-flow\">\n<p>by Andrew I. Batavia and Mitchell Batavia<br>ISBN: 978-1-63491-079-8<br>published by BookLocker.com Inc., Bradenton, Florida, USA<br>first Edition, April 2016<br><a rel=\"noreferrer noopener\" href=\"https:\/\/wisdomfromachaircom.wordpress.com\/about\/wisdom-from-a-chair\/\" target=\"_blank\">Wisdom from a chair<\/a><\/p>\n<\/div>\n\n\n\n<div class=\"wp-block-column is-layout-flow wp-block-column-is-layout-flow\">\n<figure class=\"wp-block-image size-large is-resized\"><img loading=\"lazy\" decoding=\"async\" width=\"1024\" height=\"772\" src=\"https:\/\/dev.dignitas.bertastrasse1.ch\/wp-content\/uploads\/2023\/10\/batavia-bookcover-2-1024x772.jpg\" alt=\"\" class=\"wp-image-2034\" style=\"aspect-ratio:1.3264248704663213;width:236px;height:auto\" srcset=\"https:\/\/dev.dignitas.bertastrasse1.ch\/wp-content\/uploads\/2023\/10\/batavia-bookcover-2-1024x772.jpg 1024w, https:\/\/dev.dignitas.bertastrasse1.ch\/wp-content\/uploads\/2023\/10\/batavia-bookcover-2-300x226.jpg 300w, https:\/\/dev.dignitas.bertastrasse1.ch\/wp-content\/uploads\/2023\/10\/batavia-bookcover-2-768x579.jpg 768w, https:\/\/dev.dignitas.bertastrasse1.ch\/wp-content\/uploads\/2023\/10\/batavia-bookcover-2-1536x1157.jpg 1536w, https:\/\/dev.dignitas.bertastrasse1.ch\/wp-content\/uploads\/2023\/10\/batavia-bookcover-2-2048x1543.jpg 2048w\" sizes=\"auto, (max-width: 1024px) 100vw, 1024px\" \/><\/figure>\n<\/div>\n<\/div>\n\n\n\n<p>Andrew (Drew) I. Batavia (1957-2003) was a disability activist, professor, scholar, and attorney who served as a White House Fellow 1990-91 and wrote regulations for the Americans with Disabilities Act (ADA) of 1990. He was also an advocate for physician assisted dying who participated in several US court cases, including presenting an amicus brief before the US Supreme Court and the Florida State Supreme Court. This book is his memoirs, describing his remarkable life and wisdom acquired as a person with C2-3 quadriplegia, paralyzed from the shoulders down.<\/p>\n\n\n\n<hr class=\"wp-block-separator has-alpha-channel-opacity\"\/>\n\n\n\n<p><strong>Approaching Old-Old<\/strong><br>Author: Michael Irwin<a rel=\"noreferrer noopener\" href=\"https:\/\/www.mydeath-mydecision.org.uk\/wp-content\/uploads\/2016\/07\/Approaching-Old-Old-booklet.pdf\" target=\"_blank\"><br>First published June 2014 (Link \/ PDF<\/a>)<\/p>\n\n\n\n<hr class=\"wp-block-separator has-alpha-channel-opacity\"\/>\n\n\n\n<p><strong>Rambling Poem<\/strong><br>being a Farewell Letter in Verse<br>to Relatives, Friends, and Acquaintances<\/p>\n\n\n\n<p>by Nail Chiodo (pseudonym of Luigi Attardi)&nbsp; <a href=\"http:\/\/nailchiodo.com\/\" target=\"_blank\" rel=\"noreferrer noopener\">www.nailchiodo.com<\/a><br>original in English; translation into French by Fr\u00e9d\u00e9ric D\u00e9v\u00e9 and<br>into Italian by Franceso Dalessandro<\/p>\n\n\n\n<p>The booklet can be ordered from: <br>Edizioni Empiria<br>Via Bacchina, 79<br>00184 Roma, Italia<br>Tel &amp; fax +39 058 0177 1006<br><a rel=\"noreferrer noopener\" href=\"http:\/\/www.empiria.com\" target=\"_blank\">www.empiria.com<\/a> \/ <a href=\"mailto:mail@empiria.com\">mail@empiria.com<\/a><\/p>\n\n\n\n<hr class=\"wp-block-separator has-alpha-channel-opacity\"\/>\n\n\n\n<p><strong>I\u2019ll See Myself out, Thank You<\/strong><br>Thirty personal views in support of assisted suicide<\/p>\n\n\n\n<p>This book contains essays which cover every aspect of the topic, from the legal and religious issue to the deeply personal experiences of patients and carers. Among the contributors are doctors, philosophers, priests, writers and politicians.<\/p>\n\n\n\n<p>Edited by Colin Brewer and Michael Irwin<br>Skyscraper Publications Limited, Newbold on Stour, UK<br>ISBN-13: 978-0-9926270-9-6<br>First published 2015<\/p>\n\n\n\n<hr class=\"wp-block-separator has-alpha-channel-opacity\"\/>\n\n\n\n<p><strong>Assisted Dying &#8211; Who Makes the Final Decision?<br>The case for greater choice at the end of life<\/strong><\/p>\n\n\n\n<p>\u201cThis book is dedicated to all those who have travelled to Dignitas to be given help to die. It is also dedicated to the countless other people who have suffered intolerable because they could not have that same compassionate help to die in the UK&#8230;.&#8221;<\/p>\n\n\n\n<p>Edited by Lesley Close and Jo Cartwright<br>Foreword by Sir Terry Pratchett<br>Peter Owen Publishers, London and Chicago<br>ISBN 978-0-7206-1014-7<br>First published 2014<\/p>\n\n\n\n<hr class=\"wp-block-separator has-alpha-channel-opacity\"\/>\n\n\n\n<p><strong>John&#8217;s Final Journey &#8211; You can have my seat on the way back!<\/strong><\/p>\n\n\n\n<p>John Close died at DIGNITAS on May 26th 2003. This affectionate biography is written by his younger sister and published as an ebook to mark the tenth anniversary of his death.<\/p>\n\n\n\n<p>Author: Lesley Mary Close<br>Kindle Edition, 1st edition May 2013; <a href=\"http:\/\/www.amazon.co.uk\/Johns-Final-Journey-ebook\/dp\/B00D0TMZME\/ref=sr_1_1?s=digital-text&amp;ie=UTF8&amp;qid=1369682876&amp;sr=1-1&amp;keywords=john%27s+final+journey\" data-type=\"link\" data-id=\"http:\/\/www.amazon.co.uk\/Johns-Final-Journey-ebook\/dp\/B00D0TMZME\/ref=sr_1_1?s=digital-text&amp;ie=UTF8&amp;qid=1369682876&amp;sr=1-1&amp;keywords=john%27s+final+journey\" target=\"_blank\" rel=\"noreferrer noopener\">available on Amazon<\/a><\/p>\n\n\n\n<hr class=\"wp-block-separator has-alpha-channel-opacity\"\/>\n\n\n\n<p><strong>Damned if I do<br>The autobiography of Philip Nitschke<\/strong><\/p>\n\n\n\n<p>This <a href=\"http:\/\/www.exitinternationalstore.com\/Damned-If-I-Do-Autobiography-of-Philip-Nitschke-MUP1.htm\" data-type=\"link\" data-id=\"http:\/\/www.exitinternationalstore.com\/Damned-If-I-Do-Autobiography-of-Philip-Nitschke-MUP1.htm\" target=\"_blank\" rel=\"noreferrer noopener\">book<\/a> is the revealing and personal story of Philip Nitschke, physicist, medical doctor and activist \u2013 the man behind Australia\u2019s controversial pro-euthanasia movement, told in his own words.<\/p>\n\n\n\n<p>Authors: Philip Nitschke with Peter Corris<br>ISBN: 9780522861419<br>published September 2013, 208 pages<\/p>\n\n\n\n<hr class=\"wp-block-separator has-alpha-channel-opacity\"\/>\n\n\n\n<p><a href=\"https:\/\/www.facebook.com\/pages\/Tom-Preston-MD\/132199576948005\" target=\"_blank\" rel=\"noreferrer noopener\"><strong>Doctor, Please Help Me Die<\/strong><\/a><\/p>\n\n\n\n<p>Tom Preston, medical doctor, presents a thorough overview and discussion of end-of-life issues and physician-assisted death in America and how most doctors fail their patients by not discussing dying with them \u2013 and by refusing to consider legal physician aid in dying ultimately deceiving the public.<\/p>\n\n\n\n<p>Publisher: iUniverse, January 2013<br>ISBN-10: 1475963793<br>ISBN-13978-1475963793<\/p>\n\n\n\n<hr class=\"wp-block-separator has-alpha-channel-opacity\"\/>\n\n\n\n<p><a href=\"http:\/\/www.publicserviceeurope.com\/article\/2477\/the-right-to-die-britain-can-learn-the-lessons-from-europe\" target=\"_blank\" rel=\"noreferrer noopener\"><strong>Our Right To Die &#8211; Lessons for Britain from the European experience<\/strong><\/a><\/p>\n\n\n\n<p>With more than 200 British citizens having left the UK to seek medical help to die in Switzerland, British Liberal Democrat MEP Chris Davies argues for a change in the law to allow people to choose to die at home, in their own country.<\/p>\n\n\n\n<p>Author: Chris Davies<br>Publisher: R. Marbrow on behalf of Chris Davies, September 2012<\/p>\n\n\n\n<hr class=\"wp-block-separator has-alpha-channel-opacity\"\/>\n\n\n\n<p><strong>To Die Well. Your Right to Comfort, Calm and Choice in the Last Days of Life<\/strong><\/p>\n\n\n\n<p>This book brings needed hope and comfort to those who are near death and to those who attend the dying and are responsible for ensuring that a good death is possible. The book will appeal to patients, their families, and their caregivers (Journal of the American Medical Association).<\/p>\n\n\n\n<p>Authors: Sidney H. Wanzer and Joseph Glenmullen<br>Publisher: Da Capo Press, 1st edition, 26 February 2008<br>ISBN 978-0738211633<\/p>\n\n\n\n<hr class=\"wp-block-separator has-alpha-channel-opacity\"\/>\n\n\n\n<p><strong>Euthanasia and law in Europe<\/strong><\/p>\n\n\n\n<p>The book with an in-depth description of the legal situation in Europe.<\/p>\n\n\n\n<p>Authors: J. Griffiths, H. Weyers and M. Adams<br>ISBN 978-1-84113-700-1<\/p>\n\n\n\n<p class=\"has-small-font-size\"><em><a href=\"#literature-top\">to top<\/a><\/em><\/p>\n","protected":false},"excerpt":{"rendered":"<p>Literature Words in PainLetters on Life and Deathby Olga Jacobyedited by Jocelyn Catty and Trevor MooreISBN-13: \u200e 978-1-911072-35-5Skyscraper Publicatiosn Limited, 2019 First published posthumously in 1919, Words in Pain represents the collected letters of writer, thinker and rationalist Olga Jacoby when living \u201cunder sentence of death\u201d from a terminal heart condition. This book is a [&hellip;]<\/p>\n","protected":false},"author":1,"featured_media":0,"parent":341,"menu_order":0,"comment_status":"closed","ping_status":"closed","template":"","meta":{"_acf_changed":false,"_editorskit_title_hidden":false,"_editorskit_reading_time":0,"_editorskit_is_block_options_detached":false,"_editorskit_block_options_position":"{}","footnotes":""},"class_list":["post-1487","page","type-page","status-publish","hentry"],"acf":[],"_links":{"self":[{"href":"https:\/\/dev.dignitas.bertastrasse1.ch\/en\/wp-json\/wp\/v2\/pages\/1487","targetHints":{"allow":["GET"]}}],"collection":[{"href":"https:\/\/dev.dignitas.bertastrasse1.ch\/en\/wp-json\/wp\/v2\/pages"}],"about":[{"href":"https:\/\/dev.dignitas.bertastrasse1.ch\/en\/wp-json\/wp\/v2\/types\/page"}],"author":[{"embeddable":true,"href":"https:\/\/dev.dignitas.bertastrasse1.ch\/en\/wp-json\/wp\/v2\/users\/1"}],"replies":[{"embeddable":true,"href":"https:\/\/dev.dignitas.bertastrasse1.ch\/en\/wp-json\/wp\/v2\/comments?post=1487"}],"version-history":[{"count":9,"href":"https:\/\/dev.dignitas.bertastrasse1.ch\/en\/wp-json\/wp\/v2\/pages\/1487\/revisions"}],"predecessor-version":[{"id":2167,"href":"https:\/\/dev.dignitas.bertastrasse1.ch\/en\/wp-json\/wp\/v2\/pages\/1487\/revisions\/2167"}],"up":[{"embeddable":true,"href":"https:\/\/dev.dignitas.bertastrasse1.ch\/en\/wp-json\/wp\/v2\/pages\/341"}],"wp:attachment":[{"href":"https:\/\/dev.dignitas.bertastrasse1.ch\/en\/wp-json\/wp\/v2\/media?parent=1487"}],"curies":[{"name":"wp","href":"https:\/\/api.w.org\/{rel}","templated":true}]}}