{"id":1192,"date":"2023-09-11T10:23:56","date_gmt":"2023-09-11T08:23:56","guid":{"rendered":"https:\/\/dev.dignitas.bertastrasse1.ch\/verein-2\/taetigkeitsberichte\/"},"modified":"2024-04-16T16:21:59","modified_gmt":"2024-04-16T14:21:59","slug":"rapports","status":"publish","type":"page","link":"https:\/\/dev.dignitas.bertastrasse1.ch\/fr\/association\/rapports\/","title":{"rendered":"Rapports d&rsquo;activit\u00e9"},"content":{"rendered":"\n<p>Les rapports d&rsquo;activit\u00e9 et rapports de qualit\u00e9 sont disponible que en allemande<\/p>\n\n\n\n<p><\/p>\n\n\n\n<p><a href=\"http:\/\/dignitas.ch\/images\/stories\/pdf\/medienmitteilung-01032023-f.pdf\" target=\"_blank\" rel=\"noreferrer noopener\"><strong>L&rsquo;ann\u00e9e 2022<\/strong><\/a><br><a href=\"http:\/\/dignitas.ch\/images\/stories\/pdf\/medienmitteilung-09022022-f.pdf\" target=\"_blank\" rel=\"noreferrer noopener\" class=\"ek-link\"><strong>L&rsquo;ann\u00e9e 2021<\/strong><\/a><br><a href=\"http:\/\/dignitas.ch\/images\/stories\/pdf\/medienmitteilung-08032021-f.pdf\" target=\"_blank\" rel=\"noreferrer noopener\" class=\"ek-link\"><strong>L&rsquo;ann\u00e9e 2020<\/strong><\/a><\/p>\n","protected":false},"excerpt":{"rendered":"<p>Les rapports d&rsquo;activit\u00e9 et rapports de qualit\u00e9 sont disponible que en allemande L&rsquo;ann\u00e9e 2022L&rsquo;ann\u00e9e 2021L&rsquo;ann\u00e9e 2020<\/p>\n","protected":false},"author":1,"featured_media":0,"parent":295,"menu_order":0,"comment_status":"closed","ping_status":"closed","template":"","meta":{"_acf_changed":false,"_editorskit_title_hidden":false,"_editorskit_reading_time":0,"_editorskit_is_block_options_detached":false,"_editorskit_block_options_position":"{}","footnotes":""},"class_list":["post-1192","page","type-page","status-publish","hentry"],"acf":[],"_links":{"self":[{"href":"https:\/\/dev.dignitas.bertastrasse1.ch\/fr\/wp-json\/wp\/v2\/pages\/1192","targetHints":{"allow":["GET"]}}],"collection":[{"href":"https:\/\/dev.dignitas.bertastrasse1.ch\/fr\/wp-json\/wp\/v2\/pages"}],"about":[{"href":"https:\/\/dev.dignitas.bertastrasse1.ch\/fr\/wp-json\/wp\/v2\/types\/page"}],"author":[{"embeddable":true,"href":"https:\/\/dev.dignitas.bertastrasse1.ch\/fr\/wp-json\/wp\/v2\/users\/1"}],"replies":[{"embeddable":true,"href":"https:\/\/dev.dignitas.bertastrasse1.ch\/fr\/wp-json\/wp\/v2\/comments?post=1192"}],"version-history":[{"count":6,"href":"https:\/\/dev.dignitas.bertastrasse1.ch\/fr\/wp-json\/wp\/v2\/pages\/1192\/revisions"}],"predecessor-version":[{"id":4373,"href":"https:\/\/dev.dignitas.bertastrasse1.ch\/fr\/wp-json\/wp\/v2\/pages\/1192\/revisions\/4373"}],"up":[{"embeddable":true,"href":"https:\/\/dev.dignitas.bertastrasse1.ch\/fr\/wp-json\/wp\/v2\/pages\/295"}],"wp:attachment":[{"href":"https:\/\/dev.dignitas.bertastrasse1.ch\/fr\/wp-json\/wp\/v2\/media?parent=1192"}],"curies":[{"name":"wp","href":"https:\/\/api.w.org\/{rel}","templated":true}]}}