{"id":1212,"date":"2023-09-11T10:26:14","date_gmt":"2023-09-11T08:26:14","guid":{"rendered":"https:\/\/dev.dignitas.bertastrasse1.ch\/verein-2\/links-weitere-organisationen\/"},"modified":"2024-04-24T16:52:33","modified_gmt":"2024-04-24T14:52:33","slug":"links-weitere-organisationen","status":"publish","type":"page","link":"https:\/\/dev.dignitas.bertastrasse1.ch\/fr\/association\/links-weitere-organisationen\/","title":{"rendered":"Liens (autres Organisations)"},"content":{"rendered":"\n<p id=\"liens-autres-orgas-en-haut\"><\/p>\n\n\n\n<p><strong>en Suisse<\/strong><\/p>\n\n\n\n<p><a aria-label=\"IPSILON (opens in a new tab)\" href=\"http:\/\/www.ipsilon.ch\" target=\"_blank\" rel=\"noreferrer noopener\" class=\"ek-link\">IPSILON<\/a> Initiative pour la pr\u00e9vention du suicide en Suisse<br><a aria-label=\"STOP SUICIDE (opens in a new tab)\" href=\"http:\/\/www.stopsuicide.ch\" target=\"_blank\" rel=\"noreferrer noopener\" class=\"ek-link\">STOP SUICIDE<\/a> association pour la pr\u00e9vention du suicide des jeunes dans la r\u00e9gion Suisse romande\u00a0 <a aria-label=\"ProRaris (opens in a new tab)\" href=\"http:\/\/www.proraris.ch\" target=\"_blank\" rel=\"noreferrer noopener\" class=\"ek-link\">ProRaris<\/a> &#8211; Allicane Maladies Rares &#8211; Suisse\u00a0 <br><a aria-label=\"EXIT A.D.M.D Suisse romande (opens in a new tab)\" href=\"http:\/\/www.exit-romandie.ch\" target=\"_blank\" rel=\"noreferrer noopener\" class=\"ek-link\">EXIT A.D.M.D Suisse romande<\/a>, Gen\u00e8ve<br><a aria-label=\"EX International (opens in a new tab)\" href=\"http:\/\/www.exinternational.ch\" target=\"_blank\" rel=\"noreferrer noopener\" class=\"ek-link\">EX International<\/a>, Berne<br><a aria-label=\"EXIT Deutsche Schweiz (opens in a new tab)\" href=\"http:\/\/www.exit.ch\" target=\"_blank\" rel=\"noreferrer noopener\" class=\"ek-link\">EXIT Deutsche Schweiz<\/a>, Zurich<br><a aria-label=\"PSYCHEX (opens in a new tab)\" href=\"http:\/\/www.psychex.org\" target=\"_blank\" rel=\"noreferrer noopener\" class=\"ek-link\">PSYCHEX<\/a>, Gen\u00e8ve et Zurich<\/p>\n\n\n\n<hr class=\"wp-block-separator has-alpha-channel-opacity\"\/>\n\n\n\n<p><strong>F\u00e9d\u00e9ration Internationale des Associations pour le Droit de Mourir dans la Dignit\u00e9 <\/strong><br>The World Federation of Right to Die Societies<br><a href=\"https:\/\/wfrtds.org\" target=\"_blank\" rel=\"noreferrer noopener\">www.wfrtds.org<\/a><\/p>\n\n\n\n<hr class=\"wp-block-separator has-alpha-channel-opacity\"\/>\n\n\n\n<p><strong>F\u00e9d\u00e9ration Europ\u00e9enne des Associations pour le Droit de Mourir dans la Dignit\u00e9 <\/strong><br>Right to Die Europe<br><a href=\"https:\/\/www.rtde.eu\" target=\"_blank\" rel=\"noreferrer noopener\">www.rtde.eu<\/a><\/p>\n\n\n\n<hr class=\"wp-block-separator has-alpha-channel-opacity\"\/>\n\n\n\n<p><strong>en France<\/strong><\/p>\n\n\n\n<p><a href=\"http:\/\/ultimeliberte.net\/\" target=\"_blank\" rel=\"noreferrer noopener\" class=\"ek-link\">Ultime Libert\u00e9<\/a><br><a aria-label=\"LE CHOIX (opens in a new tab)\" href=\"https:\/\/choisirmafindevie.org\" target=\"_blank\" rel=\"noreferrer noopener\" class=\"ek-link\">LE CHOIX<\/a> \u2013 Citoyens pour une mort choisie<br><a aria-label=\"Article 10 Libert\u00e9 de Conscience (opens in a new tab)\" href=\"https:\/\/article-10.org\" target=\"_blank\" rel=\"noreferrer noopener\" class=\"ek-link\">Article 10 Libert\u00e9 de Conscience<\/a> \u2013 Fin de vie et aide active \u00e0 mourir<br><a href=\"http:\/\/www.admd.net\/\" target=\"_blank\" rel=\"noreferrer noopener\" class=\"ek-link\">ADMD<\/a><\/p>\n\n\n\n<hr class=\"wp-block-separator has-alpha-channel-opacity\"\/>\n\n\n\n<p><strong>en Belgique<\/strong><\/p>\n\n\n\n<p><a href=\"http:\/\/www.admd.be\" target=\"_blank\" aria-label=\"ADMD-B (opens in a new tab)\" rel=\"noreferrer noopener\" class=\"ek-link\">ADMD-B<\/a>\u00a0 <\/p>\n\n\n\n<hr class=\"wp-block-separator has-alpha-channel-opacity\"\/>\n\n\n\n<p><strong>en Luxembourg<\/strong><\/p>\n\n\n\n<p><a href=\"http:\/\/www.mwmw.lu\/fr\" target=\"_blank\" aria-label=\"M\u00e4i W\u00ebllen, M\u00e4i Wee (opens in a new tab)\" rel=\"noreferrer noopener\" class=\"ek-link\">M\u00e4i W\u00ebllen, M\u00e4i Wee<\/a> \u2013 Association pour le Droit de Mourir dans la Dignit\u00e9 L\u00ebtzebuerg<\/p>\n\n\n\n<hr class=\"wp-block-separator has-alpha-channel-opacity\"\/>\n\n\n\n<p><strong>en Canada (Qu\u00e9b\u00e9c)<\/strong><\/p>\n\n\n\n<p><a href=\"https:\/\/aqdmd.org\/\" target=\"_blank\" rel=\"noreferrer noopener\" class=\"ek-link\">AQDMD<\/a><\/p>\n\n\n\n<hr class=\"wp-block-separator has-alpha-channel-opacity\"\/>\n\n\n\n<p><strong>L\u2019opposants \u00e0 la libert\u00e9 de choix en fin de vie<\/strong><\/p>\n\n\n\n<p>Justitia et Pax\u00a0 <a href=\"https:\/\/www.juspax.ch\/fr\/\" target=\"_blank\" rel=\"noreferrer noopener\">https:\/\/www.juspax.ch\/fr<\/a><br>Collectif des m\u00e9decins contre l\u2019euthanasie\u00a0 <a href=\"https:\/\/collectifmedecins.org\/\" target=\"_blank\" rel=\"noreferrer noopener\">https:\/\/collectifmedecins.org<\/a><br>Centre europ\u00e9en pour le droit et la justice (ECLJ)\u00a0 <a href=\"https:\/\/eclj.org\/?lng=fr\" target=\"_blank\" rel=\"noreferrer noopener\">https:\/\/eclj.org\/?lng=fr<\/a><br>Ordo Iuris\u00a0 <a href=\"https:\/\/en.ordoiuris.pl\/\" target=\"_blank\" rel=\"noreferrer noopener\" class=\"ek-link\">https:\/\/en.ordoiuris.pl<\/a><\/p>\n\n\n\n<p class=\"has-small-font-size\"><em><a href=\"#liens-autres-orgas-en-haut\" target=\"_blank\" aria-label=\"en haut (opens in a new tab)\" rel=\"noreferrer noopener\" class=\"ek-link\">en haut<\/a><\/em><\/p>\n","protected":false},"excerpt":{"rendered":"<p>en Suisse IPSILON Initiative pour la pr\u00e9vention du suicide en SuisseSTOP SUICIDE association pour la pr\u00e9vention du suicide des jeunes dans la r\u00e9gion Suisse romande\u00a0 ProRaris &#8211; Allicane Maladies Rares &#8211; Suisse\u00a0 EXIT A.D.M.D Suisse romande, Gen\u00e8veEX International, BerneEXIT Deutsche Schweiz, ZurichPSYCHEX, Gen\u00e8ve et Zurich F\u00e9d\u00e9ration Internationale des Associations pour le Droit de Mourir dans [&hellip;]<\/p>\n","protected":false},"author":1,"featured_media":0,"parent":295,"menu_order":0,"comment_status":"closed","ping_status":"closed","template":"","meta":{"_acf_changed":false,"_editorskit_title_hidden":false,"_editorskit_reading_time":0,"_editorskit_is_block_options_detached":false,"_editorskit_block_options_position":"{}","footnotes":""},"class_list":["post-1212","page","type-page","status-publish","hentry"],"acf":[],"_links":{"self":[{"href":"https:\/\/dev.dignitas.bertastrasse1.ch\/fr\/wp-json\/wp\/v2\/pages\/1212","targetHints":{"allow":["GET"]}}],"collection":[{"href":"https:\/\/dev.dignitas.bertastrasse1.ch\/fr\/wp-json\/wp\/v2\/pages"}],"about":[{"href":"https:\/\/dev.dignitas.bertastrasse1.ch\/fr\/wp-json\/wp\/v2\/types\/page"}],"author":[{"embeddable":true,"href":"https:\/\/dev.dignitas.bertastrasse1.ch\/fr\/wp-json\/wp\/v2\/users\/1"}],"replies":[{"embeddable":true,"href":"https:\/\/dev.dignitas.bertastrasse1.ch\/fr\/wp-json\/wp\/v2\/comments?post=1212"}],"version-history":[{"count":7,"href":"https:\/\/dev.dignitas.bertastrasse1.ch\/fr\/wp-json\/wp\/v2\/pages\/1212\/revisions"}],"predecessor-version":[{"id":4421,"href":"https:\/\/dev.dignitas.bertastrasse1.ch\/fr\/wp-json\/wp\/v2\/pages\/1212\/revisions\/4421"}],"up":[{"embeddable":true,"href":"https:\/\/dev.dignitas.bertastrasse1.ch\/fr\/wp-json\/wp\/v2\/pages\/295"}],"wp:attachment":[{"href":"https:\/\/dev.dignitas.bertastrasse1.ch\/fr\/wp-json\/wp\/v2\/media?parent=1212"}],"curies":[{"name":"wp","href":"https:\/\/api.w.org\/{rel}","templated":true}]}}