{"id":1352,"date":"2023-09-11T11:02:26","date_gmt":"2023-09-11T09:02:26","guid":{"rendered":"https:\/\/dev.dignitas.bertastrasse1.ch\/dokumentation\/faq\/"},"modified":"2024-05-07T16:53:40","modified_gmt":"2024-05-07T14:53:40","slug":"faq","status":"publish","type":"page","link":"https:\/\/dev.dignitas.bertastrasse1.ch\/fr\/documentation\/faq\/","title":{"rendered":"FAQ"},"content":{"rendered":"\n<p id=\"brochure-en-haut\"><\/p>\n\n\n\n<p>Foire aux Questions \u2013 il s\u2019agit des <strong>q<\/strong>uestions qui nous sont pos\u00e9es le plus souvent et de nos <strong>r<\/strong>\u00e9ponses.<\/p>\n\n\n\n<p><strong>Q<\/strong>: Je voudrais que DIGNITAS me fasse b\u00e9n\u00e9ficier de l\u2019euthanasie active \u2026<br><strong>R<\/strong>: L\u2019euthanasie active, qui consiste pour une personne r\u00e9solue \u00e0 mourir \u00e0 demander \u00e0 des tiers de mettre fin \u00e0 sa vie, est interdite en Suisse, tout comme en France, en Allemagne et dans la plupart des autres pays. En Suisse, l\u2019assistance au suicide est, en revanche, permise \u2013 \u00e0 condition que cette d\u00e9marche ne repose pas sur des motifs \u00e9go\u00efstes. De ce fait, DIGNITAS peut, sous certaines conditions, faire b\u00e9n\u00e9ficier ses membres d\u2019un accompagnement au suicide.<\/p>\n\n\n\n<p><strong>Q<\/strong>: Que signifie \u00ab \u2026pour ses membres \u00bb ?<br><strong>R<\/strong>: DIGNITAS est une association relevant du droit suisse. Elle agit \u00e0 des fins non-commerciales et ne poursuit pas de but lucratif. La plupart de ses prestations sont r\u00e9serv\u00e9es \u00e0 ses membres. Par principe, toute personne adulte, capable de discernement peut devenir membre de l\u2019association DIGNITAS.<\/p>\n\n\n\n<p><strong>Q<\/strong>: Est-ce que DIGNITAS est une \u00ab organisation d\u2019aide au suicide \u00bb ?<br><strong>R<\/strong>: Non. Les activit\u00e9s de DIGNITAS vont bien au-del\u00e0 de l\u2019accompagnement au suicide et se concentrent sur la pr\u00e9vention des tentatives au suicide, le d\u00e9veloppement du droit, le conseil des m\u00e9decins, des patients et de leurs proches au sujet des questions touchant \u00e0 la vie, aux droits des patients, etc.<\/p>\n\n\n\n<p><strong>Q<\/strong>: Quel est le but de DIGNITAS?<br><strong>R<\/strong>: Le but de DIGNITAS est de devenir superflue, de dispara\u00eetre. Personne ne sera plus oblig\u00e9 de faire appel \u00e0 DIGNITAS lorsque les services suivants feront partie int\u00e9grante des services sociaux et de sant\u00e9 publique dans le monde entier : le concept de conseil de DIGNITAS en mati\u00e8re de soins palliatifs, de pr\u00e9vention des tentatives au suicide, de testament biologique et d\u2019accompagnement \u00e0 la mort volontaire, ainsi que le droit \u00e0 l&rsquo;autod\u00e9termination et \u00e0 la libert\u00e9 de choix dans la vie et en fin de vie.<\/p>\n\n\n\n<p><strong>Q<\/strong>: Comment devenir membre de DIGNITAS?<br><strong>R<\/strong>: 1\u00e8re \u00e9tape: commandez et lisez notre <a href=\"https:\/\/dev.dignitas.bertastrasse1.ch\/fr\/documentation\/informations-broschuere\/\" target=\"_blank\" aria-label=\"brochure d\u2019information (opens in a new tab)\" rel=\"noreferrer noopener\" class=\"ek-link\">brochure d\u2019information<\/a>. 2e \u00e9tape: remplissez la demande d\u2019adh\u00e9sion et envoyez-la \u00e0 DIGNITAS en Suisse.<\/p>\n\n\n\n<p><strong>Q<\/strong>: Est-ce que je dois imm\u00e9diatement virer le montant de la cotisation quand j\u2019envoie ma demande d\u2019adh\u00e9sion ?<br><strong>R<\/strong>: Non. Attendez la confirmation \u00e9crite de votre adh\u00e9sion, elle renferme une facture.<\/p>\n\n\n\n<p><strong>Q<\/strong>: Je souffre de troubles psychiques et\/ou d\u2019une d\u00e9pression. Est-ce que DIGNITAS peut organiser un suicide accompagn\u00e9 pour moi ?<br><strong>R<\/strong>: C\u2019est tr\u00e8s difficile. C\u2019est un long chemin, sem\u00e9 d\u2019obstacles et, \u00e0 la fin, vous n\u2019avez pas la garantie d\u2019obtenir l\u2019autorisation que nous appelons \u00ab feu vert provisoire \u00bb. Ce qui est d\u00e9terminant, c\u2019est la qualit\u00e9 du rapport m\u00e9dical : diagnostic de la maladie, informations sur l\u2019origine et l\u2019\u00e9volution des troubles psychiques, preuve de tous les traitements essay\u00e9s (avec et sans succ\u00e8s) et enfin rapport d\u2019expertise psychiatrique qui donne des informations sur la capacit\u00e9 de discernement par rapport au souhait de mourir et confirme que ce souhait n\u2019est pas un sympt\u00f4me des troubles psychiques mais une d\u00e9cision m\u00fbrement r\u00e9fl\u00e9chie.<\/p>\n\n\n\n<p><strong>Q<\/strong>: Je souffre d\u2019une grave maladie et\/ou je me trouve en phase terminale d\u2019une grave maladie. Je souhaite b\u00e9n\u00e9ficier d\u2019un suicide accompagn\u00e9 de la part DIGNITAS \u2026<br><strong>R<\/strong>: Lisez notre brochure d\u2019information, en particulier le paragraphe \u00ab Conditions \u00e0 remplir pour b\u00e9n\u00e9ficier d\u2019une aide au suicide \u00bb.<\/p>\n\n\n\n<p><strong>Q<\/strong>: Qui d\u00e9cide au sujet de ma demande de suicide accompagn\u00e9 ?<br><strong>R<\/strong>: DIGNITAS applique une proc\u00e9dure d\u2019expertise en plusieurs \u00e9tapes, effectu\u00e9e, d\u2019une part, par DIGNITAS elle-m\u00eame et, d\u2019autre part, par des m\u00e9decins suisses ind\u00e9pendants de DIGNITAS. Cette proc\u00e9dure suppose que la personne se soumette \u00e0 deux examens m\u00e9dicaux personnels. La d\u00e9cision d\u00e9finitive incombe toujours \u00e0 un m\u00e9decin et non pas \u00e0 DIGNITAS.<\/p>\n\n\n\n<p><strong>Q<\/strong>: Combien de temps dure la pr\u00e9paration d\u2019un suicide accompagn\u00e9 ?<br><strong>R<\/strong>: En g\u00e9n\u00e9ral 3 \u00e0 4 mois depuis la premi\u00e8re prise de contact jusqu\u2019au voyage menant chez DIGNITAS. Pour les personnes domicili\u00e9es en Suisse dont le m\u00e9decin est favorable \u00e0 la pr\u00e9paration du suicide accompagn\u00e9, il est parfois possible d\u2019acc\u00e9l\u00e9rer la proc\u00e9dure.<\/p>\n\n\n\n<p><strong>Q<\/strong>: Je voudrais soutenir DIGNITAS. Que puis-je faire ?<br><strong>R<\/strong>: La meilleure fa\u00e7on de soutenir DIGNITAS est de devenir membre. De cette mani\u00e8re, vous nous soutenez non seulement financi\u00e8rement mais aussi personnellement (un pour tous \u2013 tous pour un). Plus les membres de DIGNITAS sont nombreux, plus la voix de l\u2019association a du poids aupr\u00e8s du public. Les dons sont \u00e9galement les bienvenus.<\/p>\n\n\n\n<p class=\"has-small-font-size\"><em><a href=\"#brochure-en-haut\" class=\"ek-link\">en haut<\/a><\/em><\/p>\n","protected":false},"excerpt":{"rendered":"<p>Foire aux Questions \u2013 il s\u2019agit des questions qui nous sont pos\u00e9es le plus souvent et de nos r\u00e9ponses. Q: Je voudrais que DIGNITAS me fasse b\u00e9n\u00e9ficier de l\u2019euthanasie active \u2026R: L\u2019euthanasie active, qui consiste pour une personne r\u00e9solue \u00e0 mourir \u00e0 demander \u00e0 des tiers de mettre fin \u00e0 sa vie, est interdite en [&hellip;]<\/p>\n","protected":false},"author":1,"featured_media":0,"parent":303,"menu_order":0,"comment_status":"closed","ping_status":"closed","template":"","meta":{"_acf_changed":false,"_editorskit_title_hidden":false,"_editorskit_reading_time":0,"_editorskit_is_block_options_detached":false,"_editorskit_block_options_position":"{}","footnotes":""},"class_list":["post-1352","page","type-page","status-publish","hentry"],"acf":[],"_links":{"self":[{"href":"https:\/\/dev.dignitas.bertastrasse1.ch\/fr\/wp-json\/wp\/v2\/pages\/1352","targetHints":{"allow":["GET"]}}],"collection":[{"href":"https:\/\/dev.dignitas.bertastrasse1.ch\/fr\/wp-json\/wp\/v2\/pages"}],"about":[{"href":"https:\/\/dev.dignitas.bertastrasse1.ch\/fr\/wp-json\/wp\/v2\/types\/page"}],"author":[{"embeddable":true,"href":"https:\/\/dev.dignitas.bertastrasse1.ch\/fr\/wp-json\/wp\/v2\/users\/1"}],"replies":[{"embeddable":true,"href":"https:\/\/dev.dignitas.bertastrasse1.ch\/fr\/wp-json\/wp\/v2\/comments?post=1352"}],"version-history":[{"count":12,"href":"https:\/\/dev.dignitas.bertastrasse1.ch\/fr\/wp-json\/wp\/v2\/pages\/1352\/revisions"}],"predecessor-version":[{"id":4478,"href":"https:\/\/dev.dignitas.bertastrasse1.ch\/fr\/wp-json\/wp\/v2\/pages\/1352\/revisions\/4478"}],"up":[{"embeddable":true,"href":"https:\/\/dev.dignitas.bertastrasse1.ch\/fr\/wp-json\/wp\/v2\/pages\/303"}],"wp:attachment":[{"href":"https:\/\/dev.dignitas.bertastrasse1.ch\/fr\/wp-json\/wp\/v2\/media?parent=1352"}],"curies":[{"name":"wp","href":"https:\/\/api.w.org\/{rel}","templated":true}]}}