{"id":1518,"date":"2023-09-11T11:22:34","date_gmt":"2023-09-11T09:22:34","guid":{"rendered":"https:\/\/dev.dignitas.bertastrasse1.ch\/verein\/pressespiegel\/"},"modified":"2024-06-25T15:35:12","modified_gmt":"2024-06-25T13:35:12","slug":"medias","status":"publish","type":"page","link":"https:\/\/dev.dignitas.bertastrasse1.ch\/fr\/enpublic\/medias\/","title":{"rendered":"M\u00e9dias"},"content":{"rendered":"\n<p class=\"has-small-font-size\"><em>20 janvier 2015<\/em><\/p>\n\n\n\n<p><strong>Faut-il autoriser l&rsquo;euthanasie en France?<\/strong><\/p>\n\n\n\n<p><a href=\"http:\/\/ledrenche.fr\/2015\/01\/faut-il-autoriser-leuthanasie-en-france\/\" target=\"_blank\" rel=\"noreferrer noopener\" class=\"ek-link\">Lisez le \u00ab Pour \u00bb par DIGNITAS <\/a>et le \u00ab Contre \u00bb dans le journal \u00ab Le Drenche \u00bb.<\/p>\n\n\n\n<hr class=\"wp-block-separator has-alpha-channel-opacity\"\/>\n\n\n\n<p class=\"has-small-font-size\"><em>26 juin 2013<\/em><\/p>\n\n\n\n<p><strong>\u00ab La population europ\u00e9enne demande le droit \u00e0 l\u2019autod\u00e9termination en fin de vie \u00bb<\/strong><\/p>\n\n\n\n<p>Article (r\u00e9sum\u00e9) dans le <a href=\"https:\/\/saez.swisshealthweb.ch\/de\/\" target=\"_blank\" aria-label=\"Bulletin des M\u00e9decins Suisse 2013;26 (opens in a new tab)\" rel=\"noreferrer noopener\" class=\"ek-link\">Bulletin des M\u00e9decins Suisse 2013;26<\/a>.<\/p>\n","protected":false},"excerpt":{"rendered":"<p>20 janvier 2015 Faut-il autoriser l&rsquo;euthanasie en France? Lisez le \u00ab Pour \u00bb par DIGNITAS et le \u00ab Contre \u00bb dans le journal \u00ab Le Drenche \u00bb. 26 juin 2013 \u00ab La population europ\u00e9enne demande le droit \u00e0 l\u2019autod\u00e9termination en fin de vie \u00bb Article (r\u00e9sum\u00e9) dans le Bulletin des M\u00e9decins Suisse 2013;26.<\/p>\n","protected":false},"author":1,"featured_media":0,"parent":315,"menu_order":0,"comment_status":"closed","ping_status":"closed","template":"","meta":{"_acf_changed":false,"_editorskit_title_hidden":false,"_editorskit_reading_time":0,"_editorskit_is_block_options_detached":false,"_editorskit_block_options_position":"{}","footnotes":""},"class_list":["post-1518","page","type-page","status-publish","hentry"],"acf":[],"_links":{"self":[{"href":"https:\/\/dev.dignitas.bertastrasse1.ch\/fr\/wp-json\/wp\/v2\/pages\/1518","targetHints":{"allow":["GET"]}}],"collection":[{"href":"https:\/\/dev.dignitas.bertastrasse1.ch\/fr\/wp-json\/wp\/v2\/pages"}],"about":[{"href":"https:\/\/dev.dignitas.bertastrasse1.ch\/fr\/wp-json\/wp\/v2\/types\/page"}],"author":[{"embeddable":true,"href":"https:\/\/dev.dignitas.bertastrasse1.ch\/fr\/wp-json\/wp\/v2\/users\/1"}],"replies":[{"embeddable":true,"href":"https:\/\/dev.dignitas.bertastrasse1.ch\/fr\/wp-json\/wp\/v2\/comments?post=1518"}],"version-history":[{"count":4,"href":"https:\/\/dev.dignitas.bertastrasse1.ch\/fr\/wp-json\/wp\/v2\/pages\/1518\/revisions"}],"predecessor-version":[{"id":5214,"href":"https:\/\/dev.dignitas.bertastrasse1.ch\/fr\/wp-json\/wp\/v2\/pages\/1518\/revisions\/5214"}],"up":[{"embeddable":true,"href":"https:\/\/dev.dignitas.bertastrasse1.ch\/fr\/wp-json\/wp\/v2\/pages\/315"}],"wp:attachment":[{"href":"https:\/\/dev.dignitas.bertastrasse1.ch\/fr\/wp-json\/wp\/v2\/media?parent=1518"}],"curies":[{"name":"wp","href":"https:\/\/api.w.org\/{rel}","templated":true}]}}