{"id":315,"date":"2023-06-28T16:41:52","date_gmt":"2023-06-28T14:41:52","guid":{"rendered":"https:\/\/dev.dignitas.bertastrasse1.ch\/verein\/"},"modified":"2024-03-20T12:01:01","modified_gmt":"2024-03-20T11:01:01","slug":"enpublic","status":"publish","type":"page","link":"https:\/\/dev.dignitas.bertastrasse1.ch\/fr\/enpublic\/","title":{"rendered":"DIGNITAS en public"},"content":{"rendered":"\n<p>Dans cette rubrique, vous trouverez des prises de position sur des \u00e9v\u00e9nements actuels, des conf\u00e9rences, des interviews, des films documentaires, des articles de presse etc. de et sur Dignitas.<\/p>\n\n\n\n<p>La plupart des documents est disponible sous forme de fichiers PDF, certaines interviews sont disponibles sous forme de fichiers audio ; pour les \u00e9couter, vous avez besoin d&rsquo;un programme ad\u00e9quat.<\/p>\n\n\n\n<p>Des questions ? Des suggestions ? Contactez-nous par e-mail : <a href=\"mailto:dignitas@dignitas.ch\" target=\"_blank\" aria-label=\"dignitas@dignitas.ch (opens in a new tab)\" rel=\"noreferrer noopener\" class=\"ek-link\">dignitas@dignitas.ch<\/a><\/p>\n","protected":false},"excerpt":{"rendered":"<p>Dans cette rubrique, vous trouverez des prises de position sur des \u00e9v\u00e9nements actuels, des conf\u00e9rences, des interviews, des films documentaires, des articles de presse etc. de et sur Dignitas. La plupart des documents est disponible sous forme de fichiers PDF, certaines interviews sont disponibles sous forme de fichiers audio ; pour les \u00e9couter, vous avez [&hellip;]<\/p>\n","protected":false},"author":1,"featured_media":0,"parent":0,"menu_order":0,"comment_status":"closed","ping_status":"closed","template":"","meta":{"_acf_changed":false,"_editorskit_title_hidden":false,"_editorskit_reading_time":0,"_editorskit_is_block_options_detached":false,"_editorskit_block_options_position":"{}","footnotes":""},"class_list":["post-315","page","type-page","status-publish","hentry"],"acf":[],"_links":{"self":[{"href":"https:\/\/dev.dignitas.bertastrasse1.ch\/fr\/wp-json\/wp\/v2\/pages\/315","targetHints":{"allow":["GET"]}}],"collection":[{"href":"https:\/\/dev.dignitas.bertastrasse1.ch\/fr\/wp-json\/wp\/v2\/pages"}],"about":[{"href":"https:\/\/dev.dignitas.bertastrasse1.ch\/fr\/wp-json\/wp\/v2\/types\/page"}],"author":[{"embeddable":true,"href":"https:\/\/dev.dignitas.bertastrasse1.ch\/fr\/wp-json\/wp\/v2\/users\/1"}],"replies":[{"embeddable":true,"href":"https:\/\/dev.dignitas.bertastrasse1.ch\/fr\/wp-json\/wp\/v2\/comments?post=315"}],"version-history":[{"count":4,"href":"https:\/\/dev.dignitas.bertastrasse1.ch\/fr\/wp-json\/wp\/v2\/pages\/315\/revisions"}],"predecessor-version":[{"id":4289,"href":"https:\/\/dev.dignitas.bertastrasse1.ch\/fr\/wp-json\/wp\/v2\/pages\/315\/revisions\/4289"}],"wp:attachment":[{"href":"https:\/\/dev.dignitas.bertastrasse1.ch\/fr\/wp-json\/wp\/v2\/media?parent=315"}],"curies":[{"name":"wp","href":"https:\/\/api.w.org\/{rel}","templated":true}]}}