{"id":324,"date":"2023-07-03T16:56:48","date_gmt":"2023-07-03T14:56:48","guid":{"rendered":"https:\/\/dev.dignitas.bertastrasse1.ch\/taetigkeit\/rechtsfortentwicklung-und-politik\/"},"modified":"2024-03-05T17:54:36","modified_gmt":"2024-03-05T16:54:36","slug":"rechtsfortentwicklung-und-politik","status":"publish","type":"page","link":"https:\/\/dev.dignitas.bertastrasse1.ch\/fr\/activites\/rechtsfortentwicklung-und-politik\/","title":{"rendered":"D\u00e9veloppement du droit"},"content":{"rendered":"\n<p>p\u00e9es et du suicide accompagn\u00e9. Ainsi, nous proposons \u00e0 nos membres les bases de d\u00e9cision qui leur permettent de conserver jusqu\u2019\u00e0 la fin la ma\u00eetrise de leur existence. Depuis 1998, nous agissons sur le plan international pour le respect de \u00abl\u2019ultime droit humain\u00bb.<\/p>\n","protected":false},"excerpt":{"rendered":"<p>p\u00e9es et du suicide accompagn\u00e9. Ainsi, nous proposons \u00e0 nos membres les bases de d\u00e9cision qui leur permettent de conserver jusqu\u2019\u00e0 la fin la ma\u00eetrise de leur existence. Depuis 1998, nous agissons sur le plan international pour le respect de \u00abl\u2019ultime droit humain\u00bb.<\/p>\n","protected":false},"author":1,"featured_media":0,"parent":318,"menu_order":0,"comment_status":"closed","ping_status":"closed","template":"","meta":{"_acf_changed":false,"_editorskit_title_hidden":false,"_editorskit_reading_time":0,"_editorskit_is_block_options_detached":false,"_editorskit_block_options_position":"{}","footnotes":""},"class_list":["post-324","page","type-page","status-publish","hentry"],"acf":[],"_links":{"self":[{"href":"https:\/\/dev.dignitas.bertastrasse1.ch\/fr\/wp-json\/wp\/v2\/pages\/324","targetHints":{"allow":["GET"]}}],"collection":[{"href":"https:\/\/dev.dignitas.bertastrasse1.ch\/fr\/wp-json\/wp\/v2\/pages"}],"about":[{"href":"https:\/\/dev.dignitas.bertastrasse1.ch\/fr\/wp-json\/wp\/v2\/types\/page"}],"author":[{"embeddable":true,"href":"https:\/\/dev.dignitas.bertastrasse1.ch\/fr\/wp-json\/wp\/v2\/users\/1"}],"replies":[{"embeddable":true,"href":"https:\/\/dev.dignitas.bertastrasse1.ch\/fr\/wp-json\/wp\/v2\/comments?post=324"}],"version-history":[{"count":6,"href":"https:\/\/dev.dignitas.bertastrasse1.ch\/fr\/wp-json\/wp\/v2\/pages\/324\/revisions"}],"predecessor-version":[{"id":4127,"href":"https:\/\/dev.dignitas.bertastrasse1.ch\/fr\/wp-json\/wp\/v2\/pages\/324\/revisions\/4127"}],"up":[{"embeddable":true,"href":"https:\/\/dev.dignitas.bertastrasse1.ch\/fr\/wp-json\/wp\/v2\/pages\/318"}],"wp:attachment":[{"href":"https:\/\/dev.dignitas.bertastrasse1.ch\/fr\/wp-json\/wp\/v2\/media?parent=324"}],"curies":[{"name":"wp","href":"https:\/\/api.w.org\/{rel}","templated":true}]}}