{"id":327,"date":"2023-07-03T16:58:26","date_gmt":"2023-07-03T14:58:26","guid":{"rendered":"https:\/\/dev.dignitas.bertastrasse1.ch\/taetigkeit\/suizidversuchspraevention\/"},"modified":"2024-03-12T14:50:46","modified_gmt":"2024-03-12T13:50:46","slug":"suizidversuchspraevention","status":"publish","type":"page","link":"https:\/\/dev.dignitas.bertastrasse1.ch\/fr\/activites\/suizidversuchspraevention\/","title":{"rendered":"Pr\u00e9vention du tentative suicide"},"content":{"rendered":"\n<p id=\"prevention_tentative_suicide_haut\"><\/p>\n\n\n\n<p>DIGNITAS consacre beaucoup d\u2019attention \u00e0 la question de la pr\u00e9vention du suicide. Il est un fait \u00e9tabli que, chaque ann\u00e9e en Suisse, jusqu\u2019\u00e0 66&rsquo;650 personnes font une tentative de suicide (en Allemagne, elles sont 588&rsquo;000 !). Un bon nombre d\u2019entre elles souffrent \u00e0 la suite de cette tentative de s\u00e9quelles lourdes et durables sur le plan physique et, souvent aussi, sur le plan mental. Ces actes ont en outre de tr\u00e8s graves cons\u00e9quences financi\u00e8res pour les int\u00e9ress\u00e9s, leur famille, le syst\u00e8me de sant\u00e9 et l\u2019\u00e9conomie. Il est donc urgent de s\u2019atteler \u00e0 la pr\u00e9vention du suicide.<\/p>\n\n\n\n<p>La pr\u00e9vention doit tenir compte du fait que le suicide est un sujet tabou. Il est grand temps de briser le silence et de dialoguer ouvertement sur la question. Comme pour l\u2019avortement, il n\u2019existe pas de solution id\u00e9ale \u00e0 ce probl\u00e8me. Il est cependant de notre devoir de rechercher une solution optimale. Dans chaque cas qui se pr\u00e9sente \u00e0 elle, DIGNITAS essaie toujours de trouver une possibilit\u00e9 d\u2019aider la personne \u00e0 vivre plut\u00f4t qu\u2019\u00e0 mourir.<\/p>\n\n\n\n<p><strong>Trouver de soutien:<\/strong><\/p>\n\n\n\n<p><a aria-label=\"La Main Tendue (opens in a new tab)\" href=\"http:\/\/www.143.ch\/fr\" target=\"_blank\" rel=\"noreferrer noopener\" class=\"ek-link\">La Main Tendue<\/a> T\u00e9l 143&nbsp; <br>Pro Juventute <a aria-label=\"Conseils et Aide pour les enfants et les jeunes (opens in a new tab)\" href=\"http:\/\/www.147.ch\/fr\" target=\"_blank\" rel=\"noreferrer noopener\" class=\"ek-link\">Conseils et Aide pour les enfants et les jeunes<\/a> T\u00e9l 147&nbsp;<br>Fondation suisse <a aria-label=\"Pro Mente Sana (opens in a new tab)\" href=\"http:\/\/www.promentesana.ch\" target=\"_blank\" rel=\"noreferrer noopener\" class=\"ek-link\">Pro Mente Sana<\/a>&nbsp; <br><a aria-label=\"Association Refugium (opens in a new tab)\" href=\"http:\/\/www.verein-refugium.ch\" target=\"_blank\" rel=\"noreferrer noopener\" class=\"ek-link\">Association Refugium<\/a>&nbsp; <br><a aria-label=\"Nebelmeer (opens in a new tab)\" href=\"https:\/\/nebelmeer.net\" target=\"_blank\" rel=\"noreferrer noopener\" class=\"ek-link\">Nebelmeer<\/a>&nbsp; <br><a aria-label=\"Pr\u00e9SuiFri (opens in a new tab)\" href=\"http:\/\/www.fr-preventionsuicide.ch\/fr\" target=\"_blank\" rel=\"noreferrer noopener\" class=\"ek-link\">Pr\u00e9SuiFri<\/a> \u2013 Association Pr\u00e9vention Suicide Fribourg&nbsp; <br>Stop Suicide \u2013 <a aria-label=\"Liste de contacts (opens in a new tab)\" href=\"https:\/\/stopsuicide.ch\/besoindaide\" target=\"_blank\" rel=\"noreferrer noopener\" class=\"ek-link\">Liste de contacts<\/a>&nbsp; <br><a aria-label=\"Parler peut sauver (opens in a new tab)\" href=\"http:\/\/www.parler-peut-sauver.ch\" target=\"_blank\" rel=\"noreferrer noopener\" class=\"ek-link\">Parler peut sauver<\/a> \u2013 Parle des id\u00e9es suicidaires&nbsp; <br><a href=\"http:\/\/www.comment-vas-tu.ch\" target=\"_blank\" aria-label=\"Comment va-tu? (opens in a new tab)\" rel=\"noreferrer noopener\" class=\"ek-link\">Comment va-tu?<\/a>&nbsp; <\/p>\n\n\n\n<hr class=\"wp-block-separator has-alpha-channel-opacity\"\/>\n\n\n\n<p><strong>Observatoire suisse de la sant\u00e9 Obsan Bulletin 7\/2019: Pens\u00e9es suicidaires et tentatives de suicide dans la population suisse<\/strong><\/p>\n\n\n\n<p>Les suicides ne constituent que la pointe de l&rsquo;iceberg, car le nombre de personnes qui tentent de mettre fin \u00e0 leurs jours ou qui envisagent de se suicider est plus \u00e9lev\u00e9. Parmi nous vivent plus d\u2019un demi-million de personnes ayant actuellement des pens\u00e9es suicidaires, plus de 200 000 ont tent\u00e9 de se suicider au moins une fois dans leur vie, dont environ 33 000 au cours des 12 derniers mois. Dans <a aria-label=\"l\u2019Obsan Bulletin 7\/2019 (opens in a new tab)\" href=\"https:\/\/www.obsan.admin.ch\/fr\/publications\/pensees-suicidaires-et-tentatives-de-suicide-dans-la-population-suisse\" target=\"_blank\" rel=\"noreferrer noopener\" class=\"ek-link\">l\u2019Obsan Bulletin 7\/2019<\/a> les donn\u00e9es de l&rsquo;Enqu\u00eate suisse sur la sant\u00e9 sur les pens\u00e9es suicidaires et sur les tentatives de suicide auto-d\u00e9clar\u00e9es, collect\u00e9es pour la premi\u00e8re fois en 2017, ont \u00e9t\u00e9 analys\u00e9es.<\/p>\n\n\n\n<hr class=\"wp-block-separator has-alpha-channel-opacity\"\/>\n\n\n\n<p><strong>La pr\u00e9vention des tentatives de suicide en Suisse<\/strong><\/p>\n\n\n\n<p>En Suisse \u2013 comme dans la plupart des pays \u2013 on dispose de donn\u00e9es statistiques de qualit\u00e9 sur le nombre de suicides. Pour diverses raisons, on sait peu de choses \u00e0 ce jour sur le nombre (beaucoup plus \u00e9lev\u00e9) de tentatives de suicide. Le \u00ab Groupe Romand Pr\u00e9vention Suicide \u00bb, en coop\u00e9ration avec plusieurs sites d&rsquo;urgence de la partie francophone du pays, a donc mis en place un programme de surveillance du \u00ab\u00a0self-harm\u00a0\u00bb.<strong> <\/strong><br><em><a href=\"https:\/\/www.bag.admin.ch\/dam\/bag\/de\/dokumente\/nat-gesundheitspolitik\/Suizidprvention\/ORTS_Rapport_final.pdf.download.pdf\/2018_03_ORTS_Rapport_final_FR.pdf\" target=\"_blank\" rel=\"noreferrer noopener\" class=\"ek-link\">Rapport final \u00ab\u00a0Observatoire Romand des Tentatives de Suicide\u00a0\u00bb<\/a> (Mars 2018).<\/em><\/p>\n\n\n\n<hr class=\"wp-block-separator has-alpha-channel-opacity\"\/>\n\n\n\n<p><strong>\u00ab La pr\u00e9vention des tentatives de suicide doit venir compl\u00e9ter la pr\u00e9vention du suicide \u00bb<\/strong><\/p>\n\n\n\n<p><a aria-label=\"Discours (opens in a new tab)\" href=\"http:\/\/dignitas.ch\/images\/stories\/pdf\/diginpublic\/referat-wf-kongress-suizidversuche-f-15062012.pdf\" target=\"_blank\" rel=\"noreferrer noopener\" class=\"ek-link\">Discours<\/a> de Ludwig A. Minelli chez la r\u00e9union de la F\u00e9d\u00e9ration Internationale des Associations pour le Droit de Mourir dans la Dignit\u00e9, \u00e0 Z\u00fcrich.<\/p>\n\n\n\n<p class=\"has-small-font-size\"><a href=\"#prevention_tentative_suicide_haut\" class=\"ek-link\">en haut<\/a><\/p>\n","protected":false},"excerpt":{"rendered":"<p>DIGNITAS consacre beaucoup d\u2019attention \u00e0 la question de la pr\u00e9vention du suicide. Il est un fait \u00e9tabli que, chaque ann\u00e9e en Suisse, jusqu\u2019\u00e0 66&rsquo;650 personnes font une tentative de suicide (en Allemagne, elles sont 588&rsquo;000 !). Un bon nombre d\u2019entre elles souffrent \u00e0 la suite de cette tentative de s\u00e9quelles lourdes et durables sur le [&hellip;]<\/p>\n","protected":false},"author":1,"featured_media":0,"parent":318,"menu_order":0,"comment_status":"closed","ping_status":"closed","template":"","meta":{"_acf_changed":false,"_editorskit_title_hidden":false,"_editorskit_reading_time":0,"_editorskit_is_block_options_detached":false,"_editorskit_block_options_position":"{}","footnotes":""},"class_list":["post-327","page","type-page","status-publish","hentry"],"acf":[],"_links":{"self":[{"href":"https:\/\/dev.dignitas.bertastrasse1.ch\/fr\/wp-json\/wp\/v2\/pages\/327","targetHints":{"allow":["GET"]}}],"collection":[{"href":"https:\/\/dev.dignitas.bertastrasse1.ch\/fr\/wp-json\/wp\/v2\/pages"}],"about":[{"href":"https:\/\/dev.dignitas.bertastrasse1.ch\/fr\/wp-json\/wp\/v2\/types\/page"}],"author":[{"embeddable":true,"href":"https:\/\/dev.dignitas.bertastrasse1.ch\/fr\/wp-json\/wp\/v2\/users\/1"}],"replies":[{"embeddable":true,"href":"https:\/\/dev.dignitas.bertastrasse1.ch\/fr\/wp-json\/wp\/v2\/comments?post=327"}],"version-history":[{"count":11,"href":"https:\/\/dev.dignitas.bertastrasse1.ch\/fr\/wp-json\/wp\/v2\/pages\/327\/revisions"}],"predecessor-version":[{"id":4161,"href":"https:\/\/dev.dignitas.bertastrasse1.ch\/fr\/wp-json\/wp\/v2\/pages\/327\/revisions\/4161"}],"up":[{"embeddable":true,"href":"https:\/\/dev.dignitas.bertastrasse1.ch\/fr\/wp-json\/wp\/v2\/pages\/318"}],"wp:attachment":[{"href":"https:\/\/dev.dignitas.bertastrasse1.ch\/fr\/wp-json\/wp\/v2\/media?parent=327"}],"curies":[{"name":"wp","href":"https:\/\/api.w.org\/{rel}","templated":true}]}}