{"id":6473,"date":"2024-07-30T15:41:56","date_gmt":"2024-07-30T13:41:56","guid":{"rendered":"https:\/\/dev.dignitas.bertastrasse1.ch\/?page_id=6473"},"modified":"2025-02-10T16:57:50","modified_gmt":"2025-02-10T15:57:50","slug":"quest-ce-que-cest","status":"publish","type":"page","link":"https:\/\/dev.dignitas.bertastrasse1.ch\/fr\/quest-ce-que-cest\/","title":{"rendered":"Qu&rsquo;est-ce que c&rsquo;est ?"},"content":{"rendered":"\n<p id=\"suicide-accompagne-en-haut\"><\/p>\n\n\n\n<h4 class=\"wp-block-heading\">Accompagnement en fin de vie et aide au suicide (suicide accompagn\u00e9)<\/h4>\n\n\n\n<p>DIGNITAS offre \u00e0 ses adh\u00e9rents une autre prestation importante&nbsp;: il s\u2019agit d\u2019un <strong>accompagnement<\/strong> prodigu\u00e9 dans le cadre d\u2019un suicide assist\u00e9. Les entretiens men\u00e9s alors avec la personne en fin de vie et, si d\u00e9sir\u00e9, avec ses proches, sont con\u00e7us pour faciliter \u00e0 tous la s\u00e9paration in\u00e9luctable.<\/p>\n\n\n\n<p>Qui souffre d\u2019une maladie incurable ou d\u2019un handicap insupportable et, pour cette raison, d\u00e9sire mettre fin \u00e0 ses jours, peut, en tant que membre de DIGNITAS, demander \u00e0 l\u2019association de l\u2019aider \u00e0 <strong>mettre un terme \u00e0 sa vie<\/strong>.<strong><br><\/strong><\/p>\n\n\n\n<h4 class=\"wp-block-heading\">Aide l\u00e9gale au suicide avec Dignitas<\/h4>\n\n\n\n<p>DIGNITAS dispose de collaboratrices et collaborateurs qualifi\u00e9s, ayant une grande exp\u00e9rience de l\u2019aide au suicide et de l\u2019accompagnement des personnes en fin de vie. Au cours d\u2019entretiens approfondis avec l\u2019adh\u00e9rent, ces colla\u00adborateurs d\u00e9terminent si toutes les conditions pos\u00e9es par DIGNITAS pour accorder une aide au suicide sont r\u00e9unies et si le souhait de mourir correspond bien \u00e0 la volont\u00e9 de la personne. A cet \u00e9gard, il est tr\u00e8s important de v\u00e9rifier que la <strong>capacit\u00e9 de discernement<\/strong> de l\u2019adh\u00e9rent n\u2019est restreinte en aucune mani\u00e8re et que des proches ou des tiers ne le poussent pas \u00e0 la mort pour une raison quelconque.<\/p>\n\n\n\n<p>Lorsqu\u2019une maladie incurable ou sans issue a \u00e9t\u00e9 m\u00e9dicalement diagnostiqu\u00e9e, ou qu\u2019une personne souffre de douleurs insupportables ou de handicaps intol\u00e9r\u00adables, DIGNITAS offre \u00e0 ses membres la possibilit\u00e9 de recourir au suicide accom\u00adpagn\u00e9. DIGNITAS se procure le m\u00e9dica\u00adment l\u00e9tal n\u00e9cessaire, un barbiturique soluble dans l\u2019eau, qui agit rapidement et ne cause absolument aucune douleur. Apr\u00e8s absorption, le patient ou la patiente s\u2019endort en quelques minutes et passe paisiblement et sans aucune souff\u00adrance du sommeil \u00e0 la mort.<\/p>\n\n\n\n<p>Pour \u00eatre permise, l\u2019utilisation d\u2019un m\u00e9dicament mortel suppose bien s\u00fbr qu\u2019une ordonnance m\u00e9dicale ait \u00e9t\u00e9 d\u00e9livr\u00e9e par un m\u00e9decin suisse, le barbi\u00adturique en question ne pouvant \u00eatre <strong>l\u00e9galement<\/strong> acquis que de cette fa\u00e7on. Les personnes vivant en Suisse dev\u00adraient s\u2019adresser \u00e0 nous suffisamment t\u00f4t pour savoir quel m\u00e9decin va leur d\u00e9livrer l\u2019ordonnance. Aujourd\u2019hui, les m\u00e9decins de famille sont en g\u00e9n\u00e9ral dispos\u00e9s \u00e0 le faire. Si tel n\u2019est pas le cas ou si la personne n\u2019habite pas en Suisse, DIGNITAS peut recourir aux m\u00e9decins Suisses ind\u00e9pen\u00addants qui collaborent avec elle. DIGNITAS examine tout d\u2019abord une demande \u00e9crite, pr\u00e9sen\u00adt\u00e9e par le membre. Puis le m\u00e9decin rencontre le mem\u00adbre \u00e0 plusieurs reprises pour s\u2019assurer personnellement que les conditions \u00e0 remplir pour b\u00e9n\u00e9ficier d\u2019une aide au suicide sont bien r\u00e9unies. Ensuite, l\u2019ordonnance est remise \u00e0 Dignitas.<\/p>\n\n\n\n<p>A partir de ce moment, l\u2019adh\u00e9rent d\u00e9cid\u00e9 \u00e0 mettre fin \u00e0 ses jours peut choisir avec DIGNITAS le moment o\u00f9 le suicide accompagn\u00e9 aura lieu. Lors d\u2019un suicide assist\u00e9, il y a toujours au moins deux personnes pr\u00e9sentes pour t\u00e9moigner du d\u00e9roulement de l\u2019accompagnement.<\/p>\n\n\n\n<p>Dignitas tient beaucoup \u00e0 ce que les personnes qui \u00ab\u00a0d\u00e9sirent s\u2019en aller\u00a0\u00bb puissent associer leurs proches suffisam\u00adment t\u00f4t \u00e0 cette d\u00e9cision\u00a0: un \u00ab grand voyage \u00bb demande des pr\u00e9paratifs minu\u00adtieux et des adieux dans les formes.<\/p>\n\n\n\n<p>L\u2019exp\u00e9rience montre qu\u2019en fait tr\u00e8s peu d\u2019adh\u00e9rents font usage de la prestation d\u2019aide au suicide. La d\u00e9claration de volont\u00e9 (directives anticip\u00e9es) leur procure habituellement une s\u00e9curit\u00e9 suffisante. Si leur volont\u00e9 est respect\u00e9e et que toute mesure prolongeant la vie est \u00e9vit\u00e9e, ces personnes, lorsque leur \u00e9tat de sant\u00e9 devient critique, d\u00e9c\u00e8dent d\u2019une mort naturelle. Le fait d\u2019\u00eatre membre de DIGNITAS donne cependant aux adh\u00e9\u00adrents l\u2019assurance de pouvoir dire, en cas de souffrance prolong\u00e9e et irr\u00e9m\u00e9diable&nbsp;: \u00ab&nbsp;Cela suffit, je veux pouvoir mourir maintenant&nbsp;\u00bb. Pour des personnes adultes et responsables, il est extr\u00eamement important d\u2019avoir cette assurance.<\/p>\n\n\n\n<p class=\"has-small-font-size\"><em><a href=\"#suicide-accompagne-en-haut\">en haut<\/a><\/em><\/p>\n","protected":false},"excerpt":{"rendered":"<p>Accompagnement en fin de vie et aide au suicide (suicide accompagn\u00e9) DIGNITAS offre \u00e0 ses adh\u00e9rents une autre prestation importante&nbsp;: il s\u2019agit d\u2019un accompagnement prodigu\u00e9 dans le cadre d\u2019un suicide assist\u00e9. Les entretiens men\u00e9s alors avec la personne en fin de vie et, si d\u00e9sir\u00e9, avec ses proches, sont con\u00e7us pour faciliter \u00e0 tous la [&hellip;]<\/p>\n","protected":false},"author":5,"featured_media":0,"parent":0,"menu_order":0,"comment_status":"closed","ping_status":"closed","template":"","meta":{"_acf_changed":false,"_editorskit_title_hidden":false,"_editorskit_reading_time":0,"_editorskit_is_block_options_detached":false,"_editorskit_block_options_position":"{}","footnotes":""},"class_list":["post-6473","page","type-page","status-publish","hentry"],"acf":[],"_links":{"self":[{"href":"https:\/\/dev.dignitas.bertastrasse1.ch\/fr\/wp-json\/wp\/v2\/pages\/6473","targetHints":{"allow":["GET"]}}],"collection":[{"href":"https:\/\/dev.dignitas.bertastrasse1.ch\/fr\/wp-json\/wp\/v2\/pages"}],"about":[{"href":"https:\/\/dev.dignitas.bertastrasse1.ch\/fr\/wp-json\/wp\/v2\/types\/page"}],"author":[{"embeddable":true,"href":"https:\/\/dev.dignitas.bertastrasse1.ch\/fr\/wp-json\/wp\/v2\/users\/5"}],"replies":[{"embeddable":true,"href":"https:\/\/dev.dignitas.bertastrasse1.ch\/fr\/wp-json\/wp\/v2\/comments?post=6473"}],"version-history":[{"count":3,"href":"https:\/\/dev.dignitas.bertastrasse1.ch\/fr\/wp-json\/wp\/v2\/pages\/6473\/revisions"}],"predecessor-version":[{"id":6477,"href":"https:\/\/dev.dignitas.bertastrasse1.ch\/fr\/wp-json\/wp\/v2\/pages\/6473\/revisions\/6477"}],"wp:attachment":[{"href":"https:\/\/dev.dignitas.bertastrasse1.ch\/fr\/wp-json\/wp\/v2\/media?parent=6473"}],"curies":[{"name":"wp","href":"https:\/\/api.w.org\/{rel}","templated":true}]}}