{"id":6486,"date":"2024-06-19T11:50:33","date_gmt":"2024-06-19T09:50:33","guid":{"rendered":"https:\/\/dev.dignitas.bertastrasse1.ch\/?page_id=6486"},"modified":"2025-02-10T17:11:12","modified_gmt":"2025-02-10T16:11:12","slug":"deroulement","status":"publish","type":"page","link":"https:\/\/dev.dignitas.bertastrasse1.ch\/fr\/suicide-accompagne\/deroulement\/","title":{"rendered":"D\u00e9roulement"},"content":{"rendered":"\n<p id=\"deroulement-en-haut\"><\/p>\n\n\n\n<p>Pour les personnes domicili\u00e9es en Suisse, le suicide assist\u00e9 a lieu g\u00e9n\u00e9ralement au domicile du membre.<\/p>\n\n\n\n<p>Les personnes domicili\u00e9es en dehors de la Suisse doivent tout d\u2019abord convenir une date avec Dignitas avant de se rendre en Suisse. Le suicide assist\u00e9 peut alors se d\u00e9rouler dans des locaux am\u00e9nag\u00e9s \u00e0 cet effet, \u00e0 condition que le m\u00e9decin consult\u00e9 donne le \u00ab feu vert d\u00e9finitif \u00bb en d\u00e9livrant l\u2019ordonnance requise.<\/p>\n\n\n\n<p>Toute personne r\u00e9solue \u00e0 mettre fin \u00e0 ses jours d\u00e9termine elle-m\u00eame le d\u00e9roule\u00adment dans le temps du suicide assist\u00e9. De leur c\u00f4t\u00e9, les accompagnants de Dignitas sont responsables du d\u00e9roule\u00adment technique du suicide.<\/p>\n\n\n\n<p>Apr\u00e8s avoir pris un m\u00e9dicament contre les vomissements, le membre peut boire un verre d\u2019eau (environ 1 d\u00e9cilitre) dans lequel, en r\u00e8gle g\u00e9n\u00e9rale, 15 grammes de natrium pentobarbital (NAP, pentobar\u00adbital de sodium) ont \u00e9t\u00e9 dissouts.<\/p>\n\n\n\n<p>Cette substance est un somnif\u00e8re et un anesth\u00e9sique \u00e9prouv\u00e9. Comme elle est alcaline et n\u2019a pas bon go\u00fbt, il est recommand\u00e9 de boire ou de manger quelque chose de sucr\u00e9 apr\u00e8s l\u2019avoir absorb\u00e9e.<\/p>\n\n\n\n<p>Les membres qui doivent \u00eatre nourris par sonde stomacale, introduisent le m\u00e9dicament eux-m\u00eames dans la sonde. Les personnes qui ne peuvent ni boire ni se servir d\u2019un sonde stomacale ont la possibilit\u00e9 de s\u2019injecter la substance au moyen d\u2019une perfusion pr\u00e9par\u00e9e \u00e0 l\u2019avance.<\/p>\n\n\n\n<p>Dans de tels cas, il est avantageux que le membre se pr\u00e9sente avec une perfusion veineux d\u00e9j\u00e0 en place et fonctionnant parfaitement.<\/p>\n\n\n\n<p>Pour des raisons juridiques, le membre doit toujours pouvoir ex\u00e9cuter lui-m\u00eame le dernier acte du suicide&nbsp;: boire la substance, l\u2019injecter dans la sonde stomacale ou ouvrir la soupape de la perfusion. S\u2019il n\u2019est pas en mesure de le faire, Dignitas ne peut malheureuse\u00adment pas l\u2019aider.<\/p>\n\n\n\n<p>La personne s\u2019endort apr\u00e8s deux \u00e0 cinq minutes, sombre dans un profond coma et, apr\u00e8s un certain, temps, le m\u00e9dica\u00adment paralyse le centre de la respiration.<\/p>\n\n\n\n<p>C\u2019est alors que le d\u00e9c\u00e8s se produit. Cette fa\u00e7on de proc\u00e9der ne comporte aucun risque et est absolument indolore.<\/p>\n\n\n\n<p>Un membre qui allait d\u00e9c\u00e9der ainsi a d\u00e9clar\u00e9 \u00e0 son \u00e9pouse\u00a0: \u00ab Je me sens bien. Je suis soulag\u00e9. \u00bb Les proches, eux aussi, jugent que la proc\u00e9dure choisie est empreinte de beaucoup de s\u00e9r\u00e9nit\u00e9 et de dignit\u00e9\u00a0; le d\u00e9c\u00e8s de l\u2019\u00eatre cher leur laisse un souvenir positif, qui ne les traumatise pas. L\u2019accompagnement attentif prodigu\u00e9 par les collaboratrices et collaborateurs de Dignitas contribue de mani\u00e8re d\u00e9cisive \u00e0 ce r\u00e9sultat.<\/p>\n\n\n\n<p class=\"has-small-font-size\"><em><a href=\"#deroulement-en-haut\">en haut<\/a><\/em><\/p>\n","protected":false},"excerpt":{"rendered":"<p>Pour les personnes domicili\u00e9es en Suisse, le suicide assist\u00e9 a lieu g\u00e9n\u00e9ralement au domicile du membre. Les personnes domicili\u00e9es en dehors de la Suisse doivent tout d\u2019abord convenir une date avec Dignitas avant de se rendre en Suisse. Le suicide assist\u00e9 peut alors se d\u00e9rouler dans des locaux am\u00e9nag\u00e9s \u00e0 cet effet, \u00e0 condition que [&hellip;]<\/p>\n","protected":false},"author":5,"featured_media":0,"parent":6471,"menu_order":0,"comment_status":"closed","ping_status":"closed","template":"","meta":{"_acf_changed":false,"_editorskit_title_hidden":false,"_editorskit_reading_time":0,"_editorskit_is_block_options_detached":false,"_editorskit_block_options_position":"{}","footnotes":""},"class_list":["post-6486","page","type-page","status-publish","hentry"],"acf":[],"_links":{"self":[{"href":"https:\/\/dev.dignitas.bertastrasse1.ch\/fr\/wp-json\/wp\/v2\/pages\/6486","targetHints":{"allow":["GET"]}}],"collection":[{"href":"https:\/\/dev.dignitas.bertastrasse1.ch\/fr\/wp-json\/wp\/v2\/pages"}],"about":[{"href":"https:\/\/dev.dignitas.bertastrasse1.ch\/fr\/wp-json\/wp\/v2\/types\/page"}],"author":[{"embeddable":true,"href":"https:\/\/dev.dignitas.bertastrasse1.ch\/fr\/wp-json\/wp\/v2\/users\/5"}],"replies":[{"embeddable":true,"href":"https:\/\/dev.dignitas.bertastrasse1.ch\/fr\/wp-json\/wp\/v2\/comments?post=6486"}],"version-history":[{"count":1,"href":"https:\/\/dev.dignitas.bertastrasse1.ch\/fr\/wp-json\/wp\/v2\/pages\/6486\/revisions"}],"predecessor-version":[{"id":6487,"href":"https:\/\/dev.dignitas.bertastrasse1.ch\/fr\/wp-json\/wp\/v2\/pages\/6486\/revisions\/6487"}],"up":[{"embeddable":true,"href":"https:\/\/dev.dignitas.bertastrasse1.ch\/fr\/wp-json\/wp\/v2\/pages\/6471"}],"wp:attachment":[{"href":"https:\/\/dev.dignitas.bertastrasse1.ch\/fr\/wp-json\/wp\/v2\/media?parent=6486"}],"curies":[{"name":"wp","href":"https:\/\/api.w.org\/{rel}","templated":true}]}}